{"id":705,"date":"2025-09-16T11:06:00","date_gmt":"2025-09-16T09:06:00","guid":{"rendered":"https:\/\/areah2o.nl\/?page_id=705"},"modified":"2025-09-16T11:06:01","modified_gmt":"2025-09-16T09:06:01","slug":"privacyverklaring","status":"publish","type":"page","link":"https:\/\/areah2o.nl\/fr\/privacyverklaring\/","title":{"rendered":"D\u00e9claration de confidentialit\u00e9"},"content":{"rendered":"<p>Ceci est la d\u00e9claration de confidentialit\u00e9 concernant le traitement des donn\u00e9es personnelles de Variopool BV et de ses filiales, situ\u00e9es \u00e0 1724 BG Oudkarspel at Haarspit 3 (ci-apr\u00e8s : Variopool BV), www.variopool.nl. Les sous-domaines comprennent Variopool.co.uk, Varioplay, Variodeck, Variomedic et Holland Aqua Sight.<\/p>\n\n\n\n<p><strong>Applicabilit\u00e9<br><\/strong>Cette d\u00e9claration de confidentialit\u00e9 s'applique \u00e0 toutes les informations sensibles ou donn\u00e9es personnelles que vous nous fournissez, par exemple via un formulaire d'inscription, un formulaire de contact ou des commandes que vous passez. Nous attachons une grande importance \u00e0 la vie priv\u00e9e de nos clients et prenons donc le plus grand soin possible dans le traitement et la protection des donn\u00e9es personnelles. Nous traitons les donn\u00e9es conform\u00e9ment aux conditions \u00e9nonc\u00e9es dans le R\u00e8glement g\u00e9n\u00e9ral sur la protection des donn\u00e9es (RGPD). Variopool BV est le responsable du traitement de vos donn\u00e9es personnelles au sens du RGPD. Cela signifie que nous sommes les seuls \u00e0 d\u00e9terminer quelles donn\u00e9es personnelles sont trait\u00e9es, dans quel but et de quelle mani\u00e8re. Nous sommes tenus de veiller \u00e0 ce que vos donn\u00e9es \u00e0 caract\u00e8re personnel soient trait\u00e9es de mani\u00e8re appropri\u00e9e et prudente, conform\u00e9ment \u00e0 la loi sur la protection des donn\u00e9es. Dans cette d\u00e9claration de confidentialit\u00e9, nous expliquons quelles donn\u00e9es nous traitons et \u00e0 quelles fins elles sont utilis\u00e9es.<\/p>\n\n\n\n<p><strong>Vue d'ensemble des donn\u00e9es personnelles<\/strong><br>Vous trouverez ci-dessous un aper\u00e7u des donn\u00e9es personnelles que nous traitons :<\/p>\n\n\n\n<p>- Pr\u00e9nom et nom<br>- Num\u00e9ro de t\u00e9l\u00e9phone<br>- Adresse \u00e9lectronique<\/p>\n\n\n\n<p><strong>Objet et bases du traitement des donn\u00e9es \u00e0 caract\u00e8re personnel<\/strong><br>En acceptant la pr\u00e9sente d\u00e9claration de confidentialit\u00e9, vous consentez express\u00e9ment, au sens de l'article 6, paragraphe 1, point a), de la loi sur la protection des donn\u00e9es, au traitement de vos donn\u00e9es \u00e0 caract\u00e8re personnel aux fins d\u00e9crites ci-dessous. Vous pouvez retirer ce consentement \u00e0 tout moment. Toutefois, si vous ne nous fournissez pas certaines donn\u00e9es ou si vous ne nous autorisez pas \u00e0 les traiter, il se peut que nous ne soyons pas en mesure de vous servir correctement.<\/p>\n\n\n\n<p>Si vous ne nous avez pas donn\u00e9 l'autorisation explicite de traiter vos donn\u00e9es personnelles ou si vous avez retir\u00e9 cette autorisation, les articles 6 paragraphe 1 sous b, sous c et\/ou sous f de l'AVG peuvent s'appliquer au traitement de vos donn\u00e9es personnelles. Dans ce cas, le traitement de vos donn\u00e9es personnelles peut avoir lieu sans votre consentement, \u00e0 condition que cela soit n\u00e9cessaire \u00e0 l'ex\u00e9cution d'un accord auquel vous \u00eates partie, ou que cela soit n\u00e9cessaire \u00e0 la sauvegarde des int\u00e9r\u00eats l\u00e9gitimes de Variopool BV. En outre, nous pouvons \u00eatre l\u00e9galement tenus de traiter vos donn\u00e9es \u00e0 caract\u00e8re personnel.<\/p>\n\n\n\n<p>Nous traitons vos donn\u00e9es personnelles aux fins suivantes :<\/p>\n\n\n\n<p>- Envoi de notre lettre d'information et\/ou de notre d\u00e9pliant publicitaire<br>- Pour pouvoir vous appeler ou vous envoyer un courrier \u00e9lectronique si cela est n\u00e9cessaire pour l'ex\u00e9cution de nos services<br>- vous informer des modifications apport\u00e9es \u00e0 nos services et produits<br>- Pour vous fournir des biens et des services<\/p>\n\n\n\n<p>Nous ne conservons pas vos donn\u00e9es personnelles plus longtemps que ce qui est strictement n\u00e9cessaire pour atteindre les objectifs pour lesquels elles ont \u00e9t\u00e9 collect\u00e9es.<\/p>\n\n\n\n<p><strong>Divulgation \u00e0 des tiers<\/strong><br>Nous pouvons partager vos donn\u00e9es personnelles avec des tiers si cela est compatible avec les objectifs mentionn\u00e9s ci-dessus. La communication \u00e0 des tiers peut \u00eatre n\u00e9cessaire \u00e0 l'ex\u00e9cution de l'accord que nous concluons avec vous, \u00e0 la poursuite d'un int\u00e9r\u00eat l\u00e9gitime ou au respect d'une obligation l\u00e9gale qui nous incombe. Nous concluons un accord de traitement avec les soci\u00e9t\u00e9s qui traitent vos donn\u00e9es en notre nom afin de garantir le m\u00eame niveau de s\u00e9curit\u00e9 et de confidentialit\u00e9 de vos donn\u00e9es. Nous restons responsables de ces traitements. En dehors des situations susmentionn\u00e9es, nous ne fournissons vos donn\u00e9es personnelles \u00e0 d'autres tiers qu'avec votre consentement explicite.<\/p>\n\n\n\n<p><strong>Objectifs commerciaux<\/strong><br>Nous pouvons utiliser vos donn\u00e9es personnelles \u00e0 des fins commerciales, par exemple pour vous informer davantage sur nos services ou sur des produits ou services pertinents d'organisations soigneusement s\u00e9lectionn\u00e9es. Dans ce cas, vous serez uniquement inform\u00e9 par le biais d'une lettre d'information \u00e0 l'adresse \u00e9lectronique que vous avez enregistr\u00e9e. Si vous ne souhaitez pas recevoir d'informations sur des produits ou services pertinents, vous pouvez facilement l'indiquer en cliquant sur \"se d\u00e9sinscrire\" dans l'e-mail re\u00e7u.<\/p>\n\n\n\n<p>Nous utilisons \u00e9galement vos donn\u00e9es personnelles pour des \u00e9tudes de march\u00e9 et l'optimisation de nos services. Dans ce contexte, vos donn\u00e9es personnelles sont rendues anonymes et ne peuvent donc plus vous \u00eatre attribu\u00e9es.<\/p>\n\n\n\n<p>Vos informations ne seront pas vendues ou partag\u00e9es avec des tiers \u00e0 des fins commerciales, \u00e0 moins que vous ne donniez votre consentement explicite. Toutes les images utilis\u00e9es sur ce site Web sont la propri\u00e9t\u00e9 de Variopool BV. Aucune de ces images ne peut \u00eatre utilis\u00e9e sur d'autres sites web ou imprim\u00e9s sans l'autorisation expresse de Variopool BV.<\/p>\n\n\n\n<p><strong>Cookies<\/strong><br>Un cookie est un petit fichier texte qui est stock\u00e9 sur votre ordinateur, tablette ou smartphone lors de votre premi\u00e8re visite sur ce site web. Vous pouvez vous opposer \u00e0 l'enregistrement de ces cookies en param\u00e9trant votre navigateur Internet de mani\u00e8re \u00e0 ce qu'il ne stocke plus de cookies. En outre, vous pouvez \u00e9galement supprimer les informations pr\u00e9c\u00e9demment stock\u00e9es via les param\u00e8tres de votre navigateur.<\/p>\n\n\n\n<p>Nous utilisons les cookies suivants :<\/p>\n\n\n\n<p>- Cookies fonctionnels : il s'agit de cookies n\u00e9cessaires au fonctionnement technique du site web et \u00e0 sa facilit\u00e9 d'utilisation. Ils garantissent le bon fonctionnement du site web et, par exemple, m\u00e9morisent vos pr\u00e9f\u00e9rences. Ils nous permettent \u00e9galement d'optimiser notre site web. Il s'agit de cookies analytiques qui ne portent pas atteinte \u00e0 votre vie priv\u00e9e et pour lesquels nous n'avons pas besoin de votre consentement pr\u00e9alable.<\/p>\n\n\n\n<p>- Cookies de suivi : nous ne pla\u00e7ons pas de cookies qui suivent votre comportement de navigation. Vous pouvez refuser les cookies en param\u00e9trant votre navigateur Internet de mani\u00e8re \u00e0 ce qu'il ne stocke plus de cookies. En outre, vous pouvez \u00e9galement supprimer toute information pr\u00e9c\u00e9demment stock\u00e9e via les param\u00e8tres de votre navigateur.<\/p>\n\n\n\n<p>- Google Analytics : ce site web place des cookies de la soci\u00e9t\u00e9 am\u00e9ricaine Google dans le cadre du service \"Analytics\". Variopool BV utilise ce service pour obtenir des rapports sur l'utilisation du site web et pour en mesurer la qualit\u00e9 et l'efficacit\u00e9. Nous utilisons Google Analytics de la mani\u00e8re prescrite par l'Autorit\u00e9 de protection des donn\u00e9es personnelles afin de b\u00e9n\u00e9ficier de l'exception pr\u00e9vue par la loi sur les cookies, ce qui signifie que nous n'avons pas besoin de votre consentement pr\u00e9alable pour utiliser Google Analytics.<\/p>\n\n\n\n<p><strong>Google Analytics<\/strong><br>Sur notre site web, un cookie est install\u00e9 par la soci\u00e9t\u00e9 am\u00e9ricaine Google, dans le cadre du service \"Analytics\". Nous utilisons ce service pour suivre et recevoir des rapports sur l'utilisation du site par les visiteurs. Google est susceptible de communiquer ces informations \u00e0 des tiers en cas d'obligation l\u00e9gale ou dans la mesure o\u00f9 des tiers traitent ces donn\u00e9es pour le compte de Google. Nous n'avons aucune influence sur ce point. Nous autorisons ou non Google \u00e0 utiliser les informations analytiques obtenues pour d'autres services Google.<\/p>\n\n\n\n<p>Les informations collect\u00e9es par Google sont anonymis\u00e9es dans la mesure du possible. Votre adresse IP n'est pas mentionn\u00e9e. Les informations sont transf\u00e9r\u00e9es et stock\u00e9es par Google sur des serveurs situ\u00e9s aux \u00c9tats-Unis. Google d\u00e9clare respecter les principes du Privacy Shield et \u00eatre affili\u00e9 au programme Privacy Shield du minist\u00e8re am\u00e9ricain du commerce. Cela implique un niveau de protection ad\u00e9quat pour le traitement de toute donn\u00e9e personnelle\".<\/p>\n\n\n\n<p><strong>Consulter, corriger ou supprimer<\/strong><br>Vous avez le droit d'acc\u00e9der \u00e0 vos donn\u00e9es personnelles, de les corriger ou de les supprimer. En outre, vous avez le droit de retirer votre \u00e9ventuel consentement au traitement des donn\u00e9es ou de vous opposer au traitement de vos donn\u00e9es \u00e0 caract\u00e8re personnel. Vous avez le droit \u00e0 la portabilit\u00e9 des donn\u00e9es (\"portabilit\u00e9 des donn\u00e9es\") si nous d\u00e9tenons des donn\u00e9es num\u00e9riques \u00e0 caract\u00e8re personnel que nous traitons avec votre consentement ou que nous traitons pour ex\u00e9cuter un accord que nous avons conclu avec vous.<br>Cela signifie que vous pouvez nous demander d'envoyer les donn\u00e9es num\u00e9riques personnelles que nous d\u00e9tenons \u00e0 votre sujet dans un fichier informatique lisible \u00e0 vous-m\u00eame ou \u00e0 une autre organisation que vous aurez d\u00e9sign\u00e9e.<\/p>\n\n\n\n<p>U kunt een verzoek tot inzage, correctie, verwijdering, gegevensoverdraging van uw persoonsgegevens of verzoek tot intrekking van uw toestemming of bezwaar op de verwerking van uw persoonsgegevens sturen naar &#105;&#110;f&#111;&#64;va&#114;io&#112;&#111;ol.n&#108;<\/p>\n\n\n\n<p>Afin de s'assurer que la demande de contr\u00f4le \u00e9mane bien de vous, nous vous demandons de joindre \u00e0 votre demande une copie de votre preuve d'identit\u00e9. Sur cette copie, noircissez votre photo de passeport, la MRZ (zone de lecture automatique, la bande de chiffres au bas du passeport), le num\u00e9ro de passeport et le num\u00e9ro de service du citoyen (BSN). Cette mesure vise \u00e0 prot\u00e9ger votre vie priv\u00e9e. Nous r\u00e9pondrons \u00e0 votre demande d\u00e8s que possible, mais dans un d\u00e9lai de quatre semaines.<\/p>\n\n\n\n<p>Nous vous informons \u00e9galement que vous avez la possibilit\u00e9 de d\u00e9poser une plainte aupr\u00e8s du r\u00e9gulateur national, l'Autorit\u00e9 des donn\u00e9es personnelles.<\/p>\n\n\n\n<p><strong>S\u00e9curit\u00e9<\/strong><br>Nous prenons des mesures de s\u00e9curit\u00e9 pour limiter l'utilisation abusive et l'acc\u00e8s non autoris\u00e9 aux donn\u00e9es \u00e0 caract\u00e8re personnel. Nous prenons notamment les mesures suivantes :<br>- le cryptage (encodage) des fichiers num\u00e9riques contenant des donn\u00e9es \u00e0 caract\u00e8re personnel ;<br>- la s\u00e9curisation des connexions r\u00e9seau par la technologie Secure Socket Layer (SSL) ;<br>- le contr\u00f4le des pouvoirs accord\u00e9s au sein de notre entreprise<\/p>\n\n\n\n<p><strong>Contact<\/strong><br>Wij nemen de bescherming van uw gegevens serieus en nemen passende maatregelen om misbruik, verlies, onbevoegde toegang, ongewenste openbaarmaking en ongeoorloofde wijziging tegen te gaan. Als u de indruk heeft dat uw gegevens niet goed beveiligd zijn of er aanwijzingen zijn van misbruik, neem dan contact op met onze klantenservice of via &#105;n&#102;&#111;&#64;&#118;&#97;&#114;&#105;op&#111;&#111;&#108;&#46;n&#108;<\/p>","protected":false},"excerpt":{"rendered":"<p>Dit is het privacy statement betreft de verwerking van persoonsgegevens van&nbsp; Variopool BV en haar dochterondernemingen, gevestigd te 1724 BG Oudkarspel aan de Haarspit 3 (hierna: Variopool BV), www.variopool.nl. De subdomeinen betreffen Variopool.co.uk, Varioplay, Variodeck, Variomedic, en Holland Aqua Sight ToepasselijkheidDit privacy statement is van toepassing op alle privacygevoelige informatie of persoonsgegevens die u aan<a class=\"excerpt-read-more\" href=\"https:\/\/areah2o.nl\/fr\/privacyverklaring\/\" title=\"Lees meerPrivacyverklaring\">&#8230; Lees meer &raquo;<\/a><\/p>","protected":false},"author":2,"featured_media":0,"parent":0,"menu_order":0,"comment_status":"closed","ping_status":"closed","template":"","meta":{"_acf_changed":false,"footnotes":""},"class_list":["post-705","page","type-page","status-publish","hentry"],"acf":[],"yoast_head":"<!-- This site is optimized with the Yoast SEO plugin v27.3 - https:\/\/yoast.com\/product\/yoast-seo-wordpress\/ -->\n<title>Privacyverklaring - AREA H2O<\/title>\n<meta name=\"robots\" content=\"index, follow, max-snippet:-1, max-image-preview:large, max-video-preview:-1\" \/>\n<link rel=\"canonical\" href=\"https:\/\/areah2o.nl\/fr\/privacyverklaring\/\" \/>\n<meta property=\"og:locale\" content=\"fr_FR\" \/>\n<meta property=\"og:type\" content=\"article\" \/>\n<meta property=\"og:title\" content=\"Privacyverklaring - AREA H2O\" \/>\n<meta property=\"og:description\" content=\"Dit is het privacy statement betreft de verwerking van persoonsgegevens van&nbsp; Variopool BV en haar dochterondernemingen, gevestigd te 1724 BG Oudkarspel aan de Haarspit 3 (hierna: Variopool BV), www.variopool.nl. De subdomeinen betreffen Variopool.co.uk, Varioplay, Variodeck, Variomedic, en Holland Aqua Sight ToepasselijkheidDit privacy statement is van toepassing op alle privacygevoelige informatie of persoonsgegevens die u aan... Lees meer &raquo;\" \/>\n<meta property=\"og:url\" content=\"https:\/\/areah2o.nl\/fr\/privacyverklaring\/\" \/>\n<meta property=\"og:site_name\" content=\"AREA H2O\" \/>\n<meta property=\"article:modified_time\" content=\"2025-09-16T09:06:01+00:00\" \/>\n<meta property=\"og:image\" content=\"https:\/\/areah2o.nl\/wp-content\/uploads\/2022\/07\/og-image-areh2o-1.jpg\" \/>\n\t<meta property=\"og:image:width\" content=\"1200\" \/>\n\t<meta property=\"og:image:height\" content=\"630\" \/>\n\t<meta property=\"og:image:type\" content=\"image\/jpeg\" \/>\n<meta name=\"twitter:card\" content=\"summary_large_image\" \/>\n<meta name=\"twitter:label1\" content=\"Dur\u00e9e de lecture estim\u00e9e\" \/>\n\t<meta name=\"twitter:data1\" content=\"8 minutes\" \/>\n<script type=\"application\/ld+json\" class=\"yoast-schema-graph\">{\"@context\":\"https:\\\/\\\/schema.org\",\"@graph\":[{\"@type\":\"WebPage\",\"@id\":\"https:\\\/\\\/areah2o.nl\\\/privacyverklaring\\\/\",\"url\":\"https:\\\/\\\/areah2o.nl\\\/privacyverklaring\\\/\",\"name\":\"Privacyverklaring - AREA H2O\",\"isPartOf\":{\"@id\":\"https:\\\/\\\/areah2o.nl\\\/#website\"},\"datePublished\":\"2025-09-16T09:06:00+00:00\",\"dateModified\":\"2025-09-16T09:06:01+00:00\",\"breadcrumb\":{\"@id\":\"https:\\\/\\\/areah2o.nl\\\/privacyverklaring\\\/#breadcrumb\"},\"inLanguage\":\"fr-FR\",\"potentialAction\":[{\"@type\":\"ReadAction\",\"target\":[\"https:\\\/\\\/areah2o.nl\\\/privacyverklaring\\\/\"]}]},{\"@type\":\"BreadcrumbList\",\"@id\":\"https:\\\/\\\/areah2o.nl\\\/privacyverklaring\\\/#breadcrumb\",\"itemListElement\":[{\"@type\":\"ListItem\",\"position\":1,\"name\":\"Home\",\"item\":\"https:\\\/\\\/areah2o.nl\\\/\"},{\"@type\":\"ListItem\",\"position\":2,\"name\":\"Privacyverklaring\"}]},{\"@type\":\"WebSite\",\"@id\":\"https:\\\/\\\/areah2o.nl\\\/#website\",\"url\":\"https:\\\/\\\/areah2o.nl\\\/\",\"name\":\"AREA H2O\",\"description\":\"The next level in water entertainment\",\"publisher\":{\"@id\":\"https:\\\/\\\/areah2o.nl\\\/#organization\"},\"potentialAction\":[{\"@type\":\"SearchAction\",\"target\":{\"@type\":\"EntryPoint\",\"urlTemplate\":\"https:\\\/\\\/areah2o.nl\\\/?s={search_term_string}\"},\"query-input\":{\"@type\":\"PropertyValueSpecification\",\"valueRequired\":true,\"valueName\":\"search_term_string\"}}],\"inLanguage\":\"fr-FR\"},{\"@type\":\"Organization\",\"@id\":\"https:\\\/\\\/areah2o.nl\\\/#organization\",\"name\":\"Varioplay\",\"url\":\"https:\\\/\\\/areah2o.nl\\\/\",\"logo\":{\"@type\":\"ImageObject\",\"inLanguage\":\"fr-FR\",\"@id\":\"https:\\\/\\\/areah2o.nl\\\/#\\\/schema\\\/logo\\\/image\\\/\",\"url\":\"https:\\\/\\\/areah2o.nl\\\/wp-content\\\/uploads\\\/2022\\\/07\\\/Varioplay.png\",\"contentUrl\":\"https:\\\/\\\/areah2o.nl\\\/wp-content\\\/uploads\\\/2022\\\/07\\\/Varioplay.png\",\"width\":1260,\"height\":298,\"caption\":\"Varioplay\"},\"image\":{\"@id\":\"https:\\\/\\\/areah2o.nl\\\/#\\\/schema\\\/logo\\\/image\\\/\"}}]}<\/script>\n<!-- \/ Yoast SEO plugin. -->","yoast_head_json":{"title":"Privacyverklaring - AREA H2O","robots":{"index":"index","follow":"follow","max-snippet":"max-snippet:-1","max-image-preview":"max-image-preview:large","max-video-preview":"max-video-preview:-1"},"canonical":"https:\/\/areah2o.nl\/fr\/privacyverklaring\/","og_locale":"fr_FR","og_type":"article","og_title":"Privacyverklaring - AREA H2O","og_description":"Dit is het privacy statement betreft de verwerking van persoonsgegevens van&nbsp; Variopool BV en haar dochterondernemingen, gevestigd te 1724 BG Oudkarspel aan de Haarspit 3 (hierna: Variopool BV), www.variopool.nl. De subdomeinen betreffen Variopool.co.uk, Varioplay, Variodeck, Variomedic, en Holland Aqua Sight ToepasselijkheidDit privacy statement is van toepassing op alle privacygevoelige informatie of persoonsgegevens die u aan... Lees meer &raquo;","og_url":"https:\/\/areah2o.nl\/fr\/privacyverklaring\/","og_site_name":"AREA H2O","article_modified_time":"2025-09-16T09:06:01+00:00","og_image":[{"width":1200,"height":630,"url":"https:\/\/areah2o.nl\/wp-content\/uploads\/2022\/07\/og-image-areh2o-1.jpg","type":"image\/jpeg"}],"twitter_card":"summary_large_image","twitter_misc":{"Dur\u00e9e de lecture estim\u00e9e":"8 minutes"},"schema":{"@context":"https:\/\/schema.org","@graph":[{"@type":"WebPage","@id":"https:\/\/areah2o.nl\/privacyverklaring\/","url":"https:\/\/areah2o.nl\/privacyverklaring\/","name":"Privacyverklaring - AREA H2O","isPartOf":{"@id":"https:\/\/areah2o.nl\/#website"},"datePublished":"2025-09-16T09:06:00+00:00","dateModified":"2025-09-16T09:06:01+00:00","breadcrumb":{"@id":"https:\/\/areah2o.nl\/privacyverklaring\/#breadcrumb"},"inLanguage":"fr-FR","potentialAction":[{"@type":"ReadAction","target":["https:\/\/areah2o.nl\/privacyverklaring\/"]}]},{"@type":"BreadcrumbList","@id":"https:\/\/areah2o.nl\/privacyverklaring\/#breadcrumb","itemListElement":[{"@type":"ListItem","position":1,"name":"Home","item":"https:\/\/areah2o.nl\/"},{"@type":"ListItem","position":2,"name":"Privacyverklaring"}]},{"@type":"WebSite","@id":"https:\/\/areah2o.nl\/#website","url":"https:\/\/areah2o.nl\/","name":"ZONE H2O","description":"Le prochain niveau de divertissement aquatique","publisher":{"@id":"https:\/\/areah2o.nl\/#organization"},"potentialAction":[{"@type":"SearchAction","target":{"@type":"EntryPoint","urlTemplate":"https:\/\/areah2o.nl\/?s={search_term_string}"},"query-input":{"@type":"PropertyValueSpecification","valueRequired":true,"valueName":"search_term_string"}}],"inLanguage":"fr-FR"},{"@type":"Organization","@id":"https:\/\/areah2o.nl\/#organization","name":"Varioplay","url":"https:\/\/areah2o.nl\/","logo":{"@type":"ImageObject","inLanguage":"fr-FR","@id":"https:\/\/areah2o.nl\/#\/schema\/logo\/image\/","url":"https:\/\/areah2o.nl\/wp-content\/uploads\/2022\/07\/Varioplay.png","contentUrl":"https:\/\/areah2o.nl\/wp-content\/uploads\/2022\/07\/Varioplay.png","width":1260,"height":298,"caption":"Varioplay"},"image":{"@id":"https:\/\/areah2o.nl\/#\/schema\/logo\/image\/"}}]}},"_links":{"self":[{"href":"https:\/\/areah2o.nl\/fr\/wp-json\/wp\/v2\/pages\/705","targetHints":{"allow":["GET"]}}],"collection":[{"href":"https:\/\/areah2o.nl\/fr\/wp-json\/wp\/v2\/pages"}],"about":[{"href":"https:\/\/areah2o.nl\/fr\/wp-json\/wp\/v2\/types\/page"}],"author":[{"embeddable":true,"href":"https:\/\/areah2o.nl\/fr\/wp-json\/wp\/v2\/users\/2"}],"replies":[{"embeddable":true,"href":"https:\/\/areah2o.nl\/fr\/wp-json\/wp\/v2\/comments?post=705"}],"version-history":[{"count":1,"href":"https:\/\/areah2o.nl\/fr\/wp-json\/wp\/v2\/pages\/705\/revisions"}],"predecessor-version":[{"id":706,"href":"https:\/\/areah2o.nl\/fr\/wp-json\/wp\/v2\/pages\/705\/revisions\/706"}],"wp:attachment":[{"href":"https:\/\/areah2o.nl\/fr\/wp-json\/wp\/v2\/media?parent=705"}],"curies":[{"name":"wp","href":"https:\/\/api.w.org\/{rel}","templated":true}]}}