{"id":297,"date":"2025-06-19T15:25:11","date_gmt":"2025-06-19T13:25:11","guid":{"rendered":"http:\/\/areah2onl.test\/?page_id=297"},"modified":"2025-08-08T13:57:34","modified_gmt":"2025-08-08T11:57:34","slug":"producten","status":"publish","type":"page","link":"https:\/\/areah2o.nl\/fr\/producten\/","title":{"rendered":"Produits"},"content":{"rendered":"<section id=\"products\" class=\"wp-block alignfull\">\n\t\t\n\t\t\t<div class=\"row align-middle\">\n\t\t\t\t\t\t\t\t\t\t\t\t\t\t<div class=\"small-12 large-4 large-offset-1 column\">\n\t\t\t\t\t\t<div class=\"video-container\">\n\t\t\t\t\t\t\t\t\t\t\t\t\t\t\t<video width=\"100%\" height=\"100%\" controls>\n\t\t\t\t\t\t\t\t\t<source src=\"https:\/\/videos.files.wordpress.com\/xtxb0i0T\/variopool_interactv2.mp4\" type=\"video\/mp4\">\n\t\t\t\t\t\t\t\t<\/video>\n\t\t\t\t\t\t\t\t\t\t\t\t\t<\/div>\n\t\t\t\t\t<\/div>\n\n\t\t\t\t\t\t\t\t\t\t<div class=\"small-12 large-4 large-offset-1 column\">\n\t\t\t\t\t\t<h2>Espace H2O Full<\/h2>\n\t\t\t\t\t\t<p>Le concept Area H2O Full transforme votre piscine en un terrain de jeu interactif pour petits et grands. Gr\u00e2ce \u00e0 une projection 3D puissante, au contr\u00f4le de la fontaine et \u00e0 des capteurs de mouvement.<\/p>\n\t\t\t\t\t\t<a href=\"https:\/\/areah2o.nl\/fr\/producten\/full\/\" class=\"button\">Plus d'informations<\/a>\n\t\t\t\t\t<\/div>\n\t\t\t\t\t\t\t<\/div>\n\n\t\t\n\t\t\t<div class=\"row align-middle\">\n\t\t\t\t\t\t\t\t\t\t\t\t\t\t<div class=\"small-12 large-4 large-offset-2 column\">\n\t\t\t\t\t\t<h2>Area H2O Spraypark<\/h2>\n\t\t\t\t\t\t<p>Le parc \u00e0 jets d'eau Area H2O combine des \u00e9l\u00e9ments de jeu color\u00e9s avec une technologie intelligente, le tout dans votre piscine existante. De la piscine \u00e0 l'aire de jeux en 10 minutes.<\/p>\n\t\t\t\t\t\t<a href=\"https:\/\/areah2o.nl\/fr\/producten\/spraypark\/\" class=\"button\">Plus d'informations<\/a>\n\t\t\t\t\t<\/div>\n\n\t\t\t\t\t\t\t\t\t\t<div class=\"small-12 large-4 large-offset-1 column\">\n\t\t\t\t\t\t<div class=\"video-container\">\n\t\t\t\t\t\t\t\t\t\t\t\t\t\t\t<video width=\"100%\" height=\"100%\" controls>\n\t\t\t\t\t\t\t\t\t<source src=\"https:\/\/videos.files.wordpress.com\/oAwo6uj4\/variopool_spray-parkv2.mp4\" type=\"video\/mp4\">\n\t\t\t\t\t\t\t\t<\/video>\n\t\t\t\t\t\t\t\t\t\t\t\t\t<\/div>\n\t\t\t\t\t<\/div>\n\t\t\t\t\t\t\t<\/div>\n\n\t\t\n\t\t\t<div class=\"row align-middle\">\n\t\t\t\t\t\t\t\t\t\t\t\t\t\t<div class=\"small-12 large-4 large-offset-1 column\">\n\t\t\t\t\t\t<div class=\"video-container\">\n\t\t\t\t\t\t\t\t\t\t\t\t\t\t\t<video width=\"100%\" height=\"100%\" controls>\n\t\t\t\t\t\t\t\t\t<source src=\"https:\/\/videos.files.wordpress.com\/TyPacyfm\/variopool_litev2.mp4\" type=\"video\/mp4\">\n\t\t\t\t\t\t\t\t<\/video>\n\t\t\t\t\t\t\t\t\t\t\t\t\t<\/div>\n\t\t\t\t\t<\/div>\n\n\t\t\t\t\t\t\t\t\t\t<div class=\"small-12 large-4 large-offset-1 column\">\n\t\t\t\t\t\t<h2>Area H2O Lite<\/h2>\n\t\t\t\t\t\t<p>Area H2O Lite offre une exp\u00e9rience aquatique surprenante avec des fontaines interactives et des effets de lumi\u00e8re dynamiques int\u00e9gr\u00e9s dans le fond mobile de la piscine Variopool.<\/p>\n\t\t\t\t\t\t<a href=\"https:\/\/areah2o.nl\/fr\/producten\/lite\/\" class=\"button\">Plus d'informations<\/a>\n\t\t\t\t\t<\/div>\n\t\t\t\t\t\t\t<\/div>\n\n\t\t\t<\/section>","protected":false},"excerpt":{"rendered":"","protected":false},"author":2,"featured_media":0,"parent":0,"menu_order":0,"comment_status":"closed","ping_status":"closed","template":"","meta":{"_acf_changed":false,"footnotes":""},"class_list":["post-297","page","type-page","status-publish","hentry"],"acf":[],"yoast_head":"<!-- This site is optimized with the Yoast SEO plugin v27.3 - https:\/\/yoast.com\/product\/yoast-seo-wordpress\/ -->\n<title>Producten - AREA H2O<\/title>\n<meta name=\"robots\" content=\"index, follow, max-snippet:-1, max-image-preview:large, max-video-preview:-1\" \/>\n<link rel=\"canonical\" href=\"https:\/\/areah2o.nl\/fr\/producten\/\" \/>\n<meta property=\"og:locale\" content=\"fr_FR\" \/>\n<meta property=\"og:type\" content=\"article\" \/>\n<meta property=\"og:title\" content=\"Producten - AREA H2O\" \/>\n<meta property=\"og:url\" content=\"https:\/\/areah2o.nl\/fr\/producten\/\" \/>\n<meta property=\"og:site_name\" content=\"AREA H2O\" \/>\n<meta property=\"article:modified_time\" content=\"2025-08-08T11:57:34+00:00\" \/>\n<meta property=\"og:image\" content=\"https:\/\/areah2o.nl\/wp-content\/uploads\/2022\/07\/og-image-areh2o-1.jpg\" \/>\n\t<meta property=\"og:image:width\" content=\"1200\" \/>\n\t<meta property=\"og:image:height\" content=\"630\" \/>\n\t<meta property=\"og:image:type\" content=\"image\/jpeg\" \/>\n<meta name=\"twitter:card\" content=\"summary_large_image\" \/>\n<meta name=\"twitter:label1\" content=\"Dur\u00e9e de lecture estim\u00e9e\" \/>\n\t<meta name=\"twitter:data1\" content=\"1 minute\" \/>\n<script type=\"application\/ld+json\" class=\"yoast-schema-graph\">{\"@context\":\"https:\\\/\\\/schema.org\",\"@graph\":[{\"@type\":\"WebPage\",\"@id\":\"https:\\\/\\\/areah2o.nl\\\/producten\\\/\",\"url\":\"https:\\\/\\\/areah2o.nl\\\/producten\\\/\",\"name\":\"Producten - AREA H2O\",\"isPartOf\":{\"@id\":\"https:\\\/\\\/areah2o.nl\\\/#website\"},\"datePublished\":\"2025-06-19T13:25:11+00:00\",\"dateModified\":\"2025-08-08T11:57:34+00:00\",\"breadcrumb\":{\"@id\":\"https:\\\/\\\/areah2o.nl\\\/producten\\\/#breadcrumb\"},\"inLanguage\":\"fr-FR\",\"potentialAction\":[{\"@type\":\"ReadAction\",\"target\":[\"https:\\\/\\\/areah2o.nl\\\/producten\\\/\"]}]},{\"@type\":\"BreadcrumbList\",\"@id\":\"https:\\\/\\\/areah2o.nl\\\/producten\\\/#breadcrumb\",\"itemListElement\":[{\"@type\":\"ListItem\",\"position\":1,\"name\":\"Home\",\"item\":\"https:\\\/\\\/areah2o.nl\\\/\"},{\"@type\":\"ListItem\",\"position\":2,\"name\":\"Producten\"}]},{\"@type\":\"WebSite\",\"@id\":\"https:\\\/\\\/areah2o.nl\\\/#website\",\"url\":\"https:\\\/\\\/areah2o.nl\\\/\",\"name\":\"AREA H2O\",\"description\":\"The next level in water entertainment\",\"publisher\":{\"@id\":\"https:\\\/\\\/areah2o.nl\\\/#organization\"},\"potentialAction\":[{\"@type\":\"SearchAction\",\"target\":{\"@type\":\"EntryPoint\",\"urlTemplate\":\"https:\\\/\\\/areah2o.nl\\\/?s={search_term_string}\"},\"query-input\":{\"@type\":\"PropertyValueSpecification\",\"valueRequired\":true,\"valueName\":\"search_term_string\"}}],\"inLanguage\":\"fr-FR\"},{\"@type\":\"Organization\",\"@id\":\"https:\\\/\\\/areah2o.nl\\\/#organization\",\"name\":\"Varioplay\",\"url\":\"https:\\\/\\\/areah2o.nl\\\/\",\"logo\":{\"@type\":\"ImageObject\",\"inLanguage\":\"fr-FR\",\"@id\":\"https:\\\/\\\/areah2o.nl\\\/#\\\/schema\\\/logo\\\/image\\\/\",\"url\":\"https:\\\/\\\/areah2o.nl\\\/wp-content\\\/uploads\\\/2022\\\/07\\\/Varioplay.png\",\"contentUrl\":\"https:\\\/\\\/areah2o.nl\\\/wp-content\\\/uploads\\\/2022\\\/07\\\/Varioplay.png\",\"width\":1260,\"height\":298,\"caption\":\"Varioplay\"},\"image\":{\"@id\":\"https:\\\/\\\/areah2o.nl\\\/#\\\/schema\\\/logo\\\/image\\\/\"}}]}<\/script>\n<!-- \/ Yoast SEO plugin. -->","yoast_head_json":{"title":"Producten - AREA H2O","robots":{"index":"index","follow":"follow","max-snippet":"max-snippet:-1","max-image-preview":"max-image-preview:large","max-video-preview":"max-video-preview:-1"},"canonical":"https:\/\/areah2o.nl\/fr\/producten\/","og_locale":"fr_FR","og_type":"article","og_title":"Producten - AREA H2O","og_url":"https:\/\/areah2o.nl\/fr\/producten\/","og_site_name":"AREA H2O","article_modified_time":"2025-08-08T11:57:34+00:00","og_image":[{"width":1200,"height":630,"url":"https:\/\/areah2o.nl\/wp-content\/uploads\/2022\/07\/og-image-areh2o-1.jpg","type":"image\/jpeg"}],"twitter_card":"summary_large_image","twitter_misc":{"Dur\u00e9e de lecture estim\u00e9e":"1 minute"},"schema":{"@context":"https:\/\/schema.org","@graph":[{"@type":"WebPage","@id":"https:\/\/areah2o.nl\/producten\/","url":"https:\/\/areah2o.nl\/producten\/","name":"Producten - AREA H2O","isPartOf":{"@id":"https:\/\/areah2o.nl\/#website"},"datePublished":"2025-06-19T13:25:11+00:00","dateModified":"2025-08-08T11:57:34+00:00","breadcrumb":{"@id":"https:\/\/areah2o.nl\/producten\/#breadcrumb"},"inLanguage":"fr-FR","potentialAction":[{"@type":"ReadAction","target":["https:\/\/areah2o.nl\/producten\/"]}]},{"@type":"BreadcrumbList","@id":"https:\/\/areah2o.nl\/producten\/#breadcrumb","itemListElement":[{"@type":"ListItem","position":1,"name":"Home","item":"https:\/\/areah2o.nl\/"},{"@type":"ListItem","position":2,"name":"Producten"}]},{"@type":"WebSite","@id":"https:\/\/areah2o.nl\/#website","url":"https:\/\/areah2o.nl\/","name":"ZONE H2O","description":"Le prochain niveau de divertissement aquatique","publisher":{"@id":"https:\/\/areah2o.nl\/#organization"},"potentialAction":[{"@type":"SearchAction","target":{"@type":"EntryPoint","urlTemplate":"https:\/\/areah2o.nl\/?s={search_term_string}"},"query-input":{"@type":"PropertyValueSpecification","valueRequired":true,"valueName":"search_term_string"}}],"inLanguage":"fr-FR"},{"@type":"Organization","@id":"https:\/\/areah2o.nl\/#organization","name":"Varioplay","url":"https:\/\/areah2o.nl\/","logo":{"@type":"ImageObject","inLanguage":"fr-FR","@id":"https:\/\/areah2o.nl\/#\/schema\/logo\/image\/","url":"https:\/\/areah2o.nl\/wp-content\/uploads\/2022\/07\/Varioplay.png","contentUrl":"https:\/\/areah2o.nl\/wp-content\/uploads\/2022\/07\/Varioplay.png","width":1260,"height":298,"caption":"Varioplay"},"image":{"@id":"https:\/\/areah2o.nl\/#\/schema\/logo\/image\/"}}]}},"_links":{"self":[{"href":"https:\/\/areah2o.nl\/fr\/wp-json\/wp\/v2\/pages\/297","targetHints":{"allow":["GET"]}}],"collection":[{"href":"https:\/\/areah2o.nl\/fr\/wp-json\/wp\/v2\/pages"}],"about":[{"href":"https:\/\/areah2o.nl\/fr\/wp-json\/wp\/v2\/types\/page"}],"author":[{"embeddable":true,"href":"https:\/\/areah2o.nl\/fr\/wp-json\/wp\/v2\/users\/2"}],"replies":[{"embeddable":true,"href":"https:\/\/areah2o.nl\/fr\/wp-json\/wp\/v2\/comments?post=297"}],"version-history":[{"count":6,"href":"https:\/\/areah2o.nl\/fr\/wp-json\/wp\/v2\/pages\/297\/revisions"}],"predecessor-version":[{"id":573,"href":"https:\/\/areah2o.nl\/fr\/wp-json\/wp\/v2\/pages\/297\/revisions\/573"}],"wp:attachment":[{"href":"https:\/\/areah2o.nl\/fr\/wp-json\/wp\/v2\/media?parent=297"}],"curies":[{"name":"wp","href":"https:\/\/api.w.org\/{rel}","templated":true}]}}