{"id":223,"date":"2025-06-20T14:21:31","date_gmt":"2025-06-20T12:21:31","guid":{"rendered":"http:\/\/areah2onl.test\/?page_id=223"},"modified":"2025-08-06T15:05:46","modified_gmt":"2025-08-06T13:05:46","slug":"over-ons","status":"publish","type":"page","link":"https:\/\/areah2o.nl\/fr\/over-ons\/","title":{"rendered":"A propos de nous"},"content":{"rendered":"<section class=\"image-text wp-block alignfull image-text--image-left\" id=\"text-image-block_1a2cdd72f88cae3dda50e501f20cf868\">\n\t<div class=\"row align-middle\">\n\t\t\t\t\t<div class=\"column small-12 large-6 image-text__text-col\">\n\t\t\t\t<div class=\"px-l\">\n\t\t\t\t\t\t\t\t\t\t\t<h2 class=\"image-text__title\">Pour qui<\/h2>\n\t\t\t\t\t\t\t\t\t\t\t\t\t\t\t\t<div class=\"image-text__text fs-large\">\n\t\t\t\t\t\t\t<p><span style=\"font-weight: 400;\">Area H2O est con\u00e7u pour les piscines qui veulent offrir plus que des s\u00e9ances de natation. Les piscines municipales, les centres sportifs et les parcs de loisirs utilisent d\u00e9j\u00e0 nos syst\u00e8mes pour renouveler leur offre et surprendre les visiteurs.<\/span><\/p>\n<p><b>Une initiative de Varioplay<\/b><span style=\"font-weight: 400;\"><br \/>\n<\/span><span style=\"font-weight: 400;\">Area H2O est une initiative de <\/span><a href=\"https:\/\/varioplay.nl\/\"><b>Varioplay<\/b><\/a><span style=\"font-weight: 400;\">Area H2O est un fournisseur global dans le domaine de l'\u00e9quipement complet de piscine. Gr\u00e2ce \u00e0 notre expertise en mati\u00e8re de technologie et d'am\u00e9nagement de piscines, nous avons d\u00e9velopp\u00e9 Area H2O, un concept innovant pour des exp\u00e9riences aquatiques interactives.<\/span><\/p>\n\t\t\t\t\t\t<\/div>\n\t\t\t\t\t\t\t\t\t\t\t\t\t\t<\/div>\n\t\t\t<\/div>\n\t\t\t\t\t\t\t<div class=\"column small-12 large-6 image-text__image-col\">\n\t\t\t\t\t\t\t\t\t<img class=\"image-text__image lazyload aspect-ratio-12-8\" data-src=\"https:\/\/areah2o.nl\/wp-content\/uploads\/2025\/07\/DSC02676-600x400.jpg\" title=\"DSC02676\" alt=\"\" \/>\n\t\t\t\t\t\t\t<\/div>\n\t\t\t<\/div>\n<\/section>\n\n\n\t<section class=\"item-list wp-block alignfull\" id=\"item-list-block_9e85a6da6e988b42a343805aed7f817f\">\n\t\t<div class=\"row\">\n\t\t\t<div class=\"column small-12 large-12\">\n\t\t\t\t<div class=\"mb-m\">\n\t\t\t\t\t<h2 class=\"item-list__title\">Applications pratiques<\/h2>\t\t\t\t\t\t\t\t\t<\/div>\n\t\t\t<\/div>\n\t\t<\/div>\n\t\t<div class=\"row small-up-1 medium-up-2 large-up-3 flex-grow\">\n\t\t\t\t\t\t\t<div class=\"column\">\n\t\t\t\t\t<a href=\"https:\/\/areah2o.nl\/fr\/projecten\/twitchen-house-holiday-park\/\" class=\"card grow card--white\">\n\t\t\t\t\t\t\t\t\t\t\t\t\t<div class=\"card__label\">\n\t\t\t\t\t\t\t\tArea H2O Lite\t\t\t\t\t\t\t<\/div>\n\t\t\t\t\t\t\t\t\t\t\t\t<img decoding=\"async\" class=\"card__image lazyload aspect-ratio-6-4\" loading=\"lazy\" src=\"https:\/\/areah2o.nl\/wp-content\/uploads\/2025\/08\/Afbeelding-van-WhatsApp-op-2025-05-12-om-12.56.15_30c5d5e7-600x400.jpg\" alt=\"\" \/>\n\t\t\t\t\t\t<div class=\"card__content grow\">\n\t\t\t\t\t\t\t<h3 class=\"h4 card__title\">Parc de vacances Twitchen House<\/h3>\n\t\t\t\t\t\t\t<div class=\"card__text text-grow\">\n\t\t\t\t\t\t\t\t<p>\nDans la ville c\u00f4ti\u00e8re britannique de Woolacombe, la piscine ext\u00e9rieure du Twitchen House Holiday Park a fait l'objet d'une r\u00e9novation innovante. Le fond mobile de la piscine, de 15 x 8 m\u00e8tres, est \u00e9quip\u00e9 d'un...<\/p>\n\t\t\t\t\t\t\t<\/div>\n\t\t\t\t\t\t\t<button class=\"button card__button\">En savoir plus<\/button>\n\t\t\t\t\t\t<\/div>\n\t\t\t\t\t<\/a>\n\t\t\t\t<\/div>\n\t\t\t\t\t\t\t<div class=\"column\">\n\t\t\t\t\t<a href=\"https:\/\/areah2o.nl\/fr\/projecten\/de-beemd-lochem\/\" class=\"card grow card--white\">\n\t\t\t\t\t\t\t\t\t\t\t\t\t<div class=\"card__label\">\n\t\t\t\t\t\t\t\tArea H2O Lite\t\t\t\t\t\t\t<\/div>\n\t\t\t\t\t\t\t\t\t\t\t\t<img decoding=\"async\" class=\"card__image lazyload aspect-ratio-6-4\" loading=\"lazy\" src=\"https:\/\/areah2o.nl\/wp-content\/uploads\/2025\/08\/AreaH2O-Lite-Lochem-6-600x400.jpg\" alt=\"\" \/>\n\t\t\t\t\t\t<div class=\"card__content grow\">\n\t\t\t\t\t\t\t<h3 class=\"h4 card__title\">De Beemd Lochem<\/h3>\n\t\t\t\t\t\t\t<div class=\"card__text text-grow\">\n\t\t\t\t\t\t\t\t<p>\nAu centre de natation et de sport De Beemd \u00e0 Lochem, tout est ax\u00e9 sur l'exp\u00e9rience pour les jeunes et les moins jeunes. Lorsque le moment est venu de remplacer le fond mobile, le choix s'est port\u00e9 sur un nouveau fond avec Area H2O Lite : 12...<\/p>\n\t\t\t\t\t\t\t<\/div>\n\t\t\t\t\t\t\t<button class=\"button card__button\">En savoir plus<\/button>\n\t\t\t\t\t\t<\/div>\n\t\t\t\t\t<\/a>\n\t\t\t\t<\/div>\n\t\t\t\t\t\t\t<div class=\"column\">\n\t\t\t\t\t<a href=\"https:\/\/areah2o.nl\/fr\/projecten\/sport-centrum-feyenoord\/\" class=\"card grow card--white\">\n\t\t\t\t\t\t\t\t\t\t\t\t\t<div class=\"card__label\">\n\t\t\t\t\t\t\t\tArea H2O Lite, Area H2O Spray Park\t\t\t\t\t\t\t<\/div>\n\t\t\t\t\t\t\t\t\t\t\t\t<img decoding=\"async\" class=\"card__image lazyload aspect-ratio-6-4\" loading=\"lazy\" src=\"https:\/\/areah2o.nl\/wp-content\/uploads\/2025\/08\/Spraypark-op-bodem-5-600x400.jpg\" alt=\"\" \/>\n\t\t\t\t\t\t<div class=\"card__content grow\">\n\t\t\t\t\t\t\t<h3 class=\"h4 card__title\">Centre sportif de Feyenoord<\/h3>\n\t\t\t\t\t\t\t<div class=\"card__text text-grow\">\n\t\t\t\t\t\t\t\t<p>\nUne innovation unique a \u00e9t\u00e9 introduite dans le nouveau centre sportif Feijenoord avec l'Area H2O Spraypark : des \u00e9l\u00e9ments de pulv\u00e9risation amovibles et vissables int\u00e9gr\u00e9s au fond de la piscine mobile de...<\/p>\n\t\t\t\t\t\t\t<\/div>\n\t\t\t\t\t\t\t<button class=\"button card__button\">En savoir plus<\/button>\n\t\t\t\t\t\t<\/div>\n\t\t\t\t\t<\/a>\n\t\t\t\t<\/div>\n\t\t\t\t\t<\/div>\n\t<\/section>","protected":false},"excerpt":{"rendered":"","protected":false},"author":2,"featured_media":0,"parent":0,"menu_order":0,"comment_status":"closed","ping_status":"closed","template":"","meta":{"_acf_changed":false,"footnotes":""},"class_list":["post-223","page","type-page","status-publish","hentry"],"acf":[],"yoast_head":"<!-- This site is optimized with the Yoast SEO plugin v27.3 - https:\/\/yoast.com\/product\/yoast-seo-wordpress\/ -->\n<title>Over ons - AREA H2O<\/title>\n<meta name=\"robots\" content=\"index, follow, max-snippet:-1, max-image-preview:large, max-video-preview:-1\" \/>\n<link rel=\"canonical\" href=\"https:\/\/areah2o.nl\/fr\/over-ons\/\" \/>\n<meta property=\"og:locale\" content=\"fr_FR\" \/>\n<meta property=\"og:type\" content=\"article\" \/>\n<meta property=\"og:title\" content=\"Over ons - AREA H2O\" \/>\n<meta property=\"og:url\" content=\"https:\/\/areah2o.nl\/fr\/over-ons\/\" \/>\n<meta property=\"og:site_name\" content=\"AREA H2O\" \/>\n<meta property=\"article:modified_time\" content=\"2025-08-06T13:05:46+00:00\" \/>\n<meta property=\"og:image\" content=\"https:\/\/areah2o.nl\/wp-content\/uploads\/2022\/07\/og-image-areh2o-1.jpg\" \/>\n\t<meta property=\"og:image:width\" content=\"1200\" \/>\n\t<meta property=\"og:image:height\" content=\"630\" \/>\n\t<meta property=\"og:image:type\" content=\"image\/jpeg\" \/>\n<meta name=\"twitter:card\" content=\"summary_large_image\" \/>\n<script type=\"application\/ld+json\" class=\"yoast-schema-graph\">{\"@context\":\"https:\\\/\\\/schema.org\",\"@graph\":[{\"@type\":\"WebPage\",\"@id\":\"https:\\\/\\\/areah2o.nl\\\/over-ons\\\/\",\"url\":\"https:\\\/\\\/areah2o.nl\\\/over-ons\\\/\",\"name\":\"Over ons - AREA H2O\",\"isPartOf\":{\"@id\":\"https:\\\/\\\/areah2o.nl\\\/#website\"},\"datePublished\":\"2025-06-20T12:21:31+00:00\",\"dateModified\":\"2025-08-06T13:05:46+00:00\",\"breadcrumb\":{\"@id\":\"https:\\\/\\\/areah2o.nl\\\/over-ons\\\/#breadcrumb\"},\"inLanguage\":\"fr-FR\",\"potentialAction\":[{\"@type\":\"ReadAction\",\"target\":[\"https:\\\/\\\/areah2o.nl\\\/over-ons\\\/\"]}]},{\"@type\":\"BreadcrumbList\",\"@id\":\"https:\\\/\\\/areah2o.nl\\\/over-ons\\\/#breadcrumb\",\"itemListElement\":[{\"@type\":\"ListItem\",\"position\":1,\"name\":\"Home\",\"item\":\"https:\\\/\\\/areah2o.nl\\\/\"},{\"@type\":\"ListItem\",\"position\":2,\"name\":\"Over ons\"}]},{\"@type\":\"WebSite\",\"@id\":\"https:\\\/\\\/areah2o.nl\\\/#website\",\"url\":\"https:\\\/\\\/areah2o.nl\\\/\",\"name\":\"AREA H2O\",\"description\":\"The next level in water entertainment\",\"publisher\":{\"@id\":\"https:\\\/\\\/areah2o.nl\\\/#organization\"},\"potentialAction\":[{\"@type\":\"SearchAction\",\"target\":{\"@type\":\"EntryPoint\",\"urlTemplate\":\"https:\\\/\\\/areah2o.nl\\\/?s={search_term_string}\"},\"query-input\":{\"@type\":\"PropertyValueSpecification\",\"valueRequired\":true,\"valueName\":\"search_term_string\"}}],\"inLanguage\":\"fr-FR\"},{\"@type\":\"Organization\",\"@id\":\"https:\\\/\\\/areah2o.nl\\\/#organization\",\"name\":\"Varioplay\",\"url\":\"https:\\\/\\\/areah2o.nl\\\/\",\"logo\":{\"@type\":\"ImageObject\",\"inLanguage\":\"fr-FR\",\"@id\":\"https:\\\/\\\/areah2o.nl\\\/#\\\/schema\\\/logo\\\/image\\\/\",\"url\":\"https:\\\/\\\/areah2o.nl\\\/wp-content\\\/uploads\\\/2022\\\/07\\\/Varioplay.png\",\"contentUrl\":\"https:\\\/\\\/areah2o.nl\\\/wp-content\\\/uploads\\\/2022\\\/07\\\/Varioplay.png\",\"width\":1260,\"height\":298,\"caption\":\"Varioplay\"},\"image\":{\"@id\":\"https:\\\/\\\/areah2o.nl\\\/#\\\/schema\\\/logo\\\/image\\\/\"}}]}<\/script>\n<!-- \/ Yoast SEO plugin. -->","yoast_head_json":{"title":"Over ons - AREA H2O","robots":{"index":"index","follow":"follow","max-snippet":"max-snippet:-1","max-image-preview":"max-image-preview:large","max-video-preview":"max-video-preview:-1"},"canonical":"https:\/\/areah2o.nl\/fr\/over-ons\/","og_locale":"fr_FR","og_type":"article","og_title":"Over ons - AREA H2O","og_url":"https:\/\/areah2o.nl\/fr\/over-ons\/","og_site_name":"AREA H2O","article_modified_time":"2025-08-06T13:05:46+00:00","og_image":[{"width":1200,"height":630,"url":"https:\/\/areah2o.nl\/wp-content\/uploads\/2022\/07\/og-image-areh2o-1.jpg","type":"image\/jpeg"}],"twitter_card":"summary_large_image","schema":{"@context":"https:\/\/schema.org","@graph":[{"@type":"WebPage","@id":"https:\/\/areah2o.nl\/over-ons\/","url":"https:\/\/areah2o.nl\/over-ons\/","name":"Over ons - AREA H2O","isPartOf":{"@id":"https:\/\/areah2o.nl\/#website"},"datePublished":"2025-06-20T12:21:31+00:00","dateModified":"2025-08-06T13:05:46+00:00","breadcrumb":{"@id":"https:\/\/areah2o.nl\/over-ons\/#breadcrumb"},"inLanguage":"fr-FR","potentialAction":[{"@type":"ReadAction","target":["https:\/\/areah2o.nl\/over-ons\/"]}]},{"@type":"BreadcrumbList","@id":"https:\/\/areah2o.nl\/over-ons\/#breadcrumb","itemListElement":[{"@type":"ListItem","position":1,"name":"Home","item":"https:\/\/areah2o.nl\/"},{"@type":"ListItem","position":2,"name":"Over ons"}]},{"@type":"WebSite","@id":"https:\/\/areah2o.nl\/#website","url":"https:\/\/areah2o.nl\/","name":"ZONE H2O","description":"Le prochain niveau de divertissement aquatique","publisher":{"@id":"https:\/\/areah2o.nl\/#organization"},"potentialAction":[{"@type":"SearchAction","target":{"@type":"EntryPoint","urlTemplate":"https:\/\/areah2o.nl\/?s={search_term_string}"},"query-input":{"@type":"PropertyValueSpecification","valueRequired":true,"valueName":"search_term_string"}}],"inLanguage":"fr-FR"},{"@type":"Organization","@id":"https:\/\/areah2o.nl\/#organization","name":"Varioplay","url":"https:\/\/areah2o.nl\/","logo":{"@type":"ImageObject","inLanguage":"fr-FR","@id":"https:\/\/areah2o.nl\/#\/schema\/logo\/image\/","url":"https:\/\/areah2o.nl\/wp-content\/uploads\/2022\/07\/Varioplay.png","contentUrl":"https:\/\/areah2o.nl\/wp-content\/uploads\/2022\/07\/Varioplay.png","width":1260,"height":298,"caption":"Varioplay"},"image":{"@id":"https:\/\/areah2o.nl\/#\/schema\/logo\/image\/"}}]}},"_links":{"self":[{"href":"https:\/\/areah2o.nl\/fr\/wp-json\/wp\/v2\/pages\/223","targetHints":{"allow":["GET"]}}],"collection":[{"href":"https:\/\/areah2o.nl\/fr\/wp-json\/wp\/v2\/pages"}],"about":[{"href":"https:\/\/areah2o.nl\/fr\/wp-json\/wp\/v2\/types\/page"}],"author":[{"embeddable":true,"href":"https:\/\/areah2o.nl\/fr\/wp-json\/wp\/v2\/users\/2"}],"replies":[{"embeddable":true,"href":"https:\/\/areah2o.nl\/fr\/wp-json\/wp\/v2\/comments?post=223"}],"version-history":[{"count":8,"href":"https:\/\/areah2o.nl\/fr\/wp-json\/wp\/v2\/pages\/223\/revisions"}],"predecessor-version":[{"id":559,"href":"https:\/\/areah2o.nl\/fr\/wp-json\/wp\/v2\/pages\/223\/revisions\/559"}],"wp:attachment":[{"href":"https:\/\/areah2o.nl\/fr\/wp-json\/wp\/v2\/media?parent=223"}],"curies":[{"name":"wp","href":"https:\/\/api.w.org\/{rel}","templated":true}]}}