{"id":705,"date":"2025-09-16T11:06:00","date_gmt":"2025-09-16T09:06:00","guid":{"rendered":"https:\/\/areah2o.nl\/?page_id=705"},"modified":"2025-09-16T11:06:01","modified_gmt":"2025-09-16T09:06:01","slug":"privacyverklaring","status":"publish","type":"page","link":"https:\/\/areah2o.nl\/de\/privacyverklaring\/","title":{"rendered":"Erkl\u00e4rung zum Datenschutz"},"content":{"rendered":"<p>Dies ist die Datenschutzerkl\u00e4rung f\u00fcr die Verarbeitung personenbezogener Daten der Variopool BV und ihrer Tochtergesellschaften mit Sitz in 1724 BG Oudkarspel, Haarspit 3 (im Folgenden: Variopool BV), www.variopool.nl. Die Subdomains betreffen Variopool.co.uk, Varioplay, Variodeck, Variomedic und Holland Aqua Sight<\/p>\n\n\n\n<p><strong>Anwendbarkeit<br><\/strong>Diese Datenschutzerkl\u00e4rung gilt f\u00fcr alle datenschutzsensiblen Informationen oder personenbezogenen Daten, die Sie uns z.B. \u00fcber ein Registrierungsformular, ein Kontaktformular oder im Rahmen von Bestellungen zur Verf\u00fcgung stellen. Wir legen gro\u00dfen Wert auf die Privatsph\u00e4re unserer Kunden und gehen daher mit gr\u00f6\u00dftm\u00f6glicher Sorgfalt im Umgang und Schutz personenbezogener Daten vor. Wir verarbeiten Daten in \u00dcbereinstimmung mit den Bedingungen der Allgemeinen Datenschutzverordnung (AVG). Variopool BV ist der Verantwortliche im Sinne des AVG f\u00fcr die Verarbeitung Ihrer personenbezogenen Daten. Das bedeutet, dass nur wir bestimmen, welche personenbezogenen Daten verarbeitet werden, zu welchem Zweck und auf welche Weise. Wir sind daf\u00fcr verantwortlich, dass Ihre personenbezogenen Daten in \u00dcbereinstimmung mit dem AVG auf angemessene und sorgf\u00e4ltige Weise verarbeitet werden. In dieser Datenschutzerkl\u00e4rung erl\u00e4utern wir, welche Daten wir verarbeiten und zu welchen Zwecken sie genutzt werden.<\/p>\n\n\n\n<p><strong>\u00dcberblick \u00fcber personenbezogene Daten<\/strong><br>Nachstehend finden Sie einen \u00dcberblick \u00fcber die von uns verarbeiteten personenbezogenen Daten:<\/p>\n\n\n\n<p>- Vorname und Nachname<br>- Rufnummer<br>- E-Mail Adresse<\/p>\n\n\n\n<p><strong>Zweck und Grundlagen der Verarbeitung personenbezogener Daten<\/strong><br>Mit der Zustimmung zu dieser Datenschutzerkl\u00e4rung willigen Sie im Sinne von Artikel 6 Absatz 1 Buchstabe a AVG ausdr\u00fccklich in die Verarbeitung Ihrer personenbezogenen Daten zu den unten genannten Zwecken ein. Diese Zustimmung k\u00f6nnen Sie jederzeit widerrufen. Wenn Sie uns jedoch bestimmte Daten nicht zur Verf\u00fcgung stellen oder deren Verarbeitung nicht gestatten, k\u00f6nnen wir Sie m\u00f6glicherweise nicht ordnungsgem\u00e4\u00df bedienen.<\/p>\n\n\n\n<p>Wenn Sie uns keine ausdr\u00fcckliche Einwilligung zur Verarbeitung Ihrer personenbezogenen Daten gegeben haben oder wenn Sie diese Einwilligung widerrufen haben, kann Artikel 6 Absatz 1 Buchstabe b, Buchstabe c und\/oder Buchstabe f des AVG auf die Verarbeitung Ihrer personenbezogenen Daten Anwendung finden. Die Verarbeitung Ihrer personenbezogenen Daten kann in diesem Fall ohne Ihre Einwilligung erfolgen, sofern dies f\u00fcr die Erf\u00fcllung eines Vertrags, dessen Vertragspartei Sie sind, oder zur Wahrung der berechtigten Interessen von Variopool BV erforderlich ist. Dar\u00fcber hinaus k\u00f6nnen wir gesetzlich verpflichtet sein, Ihre personenbezogenen Daten zu verarbeiten.<\/p>\n\n\n\n<p>Wir verarbeiten Ihre personenbezogenen Daten f\u00fcr die folgenden Zwecke:<\/p>\n\n\n\n<p>- Zusendung unseres Newsletters und\/oder Werbeprospekts<br>- Um Sie anrufen oder eine E-Mail senden zu k\u00f6nnen, falls dies f\u00fcr die Erbringung unserer Dienstleistungen erforderlich ist<br>- Information \u00fcber \u00c4nderungen an unseren Dienstleistungen und Produkten<br>- Um Ihnen Waren und Dienstleistungen zu liefern<\/p>\n\n\n\n<p>Wir bewahren Ihre personenbezogenen Daten nicht l\u00e4nger auf, als es f\u00fcr die Erf\u00fcllung der Zwecke, f\u00fcr die Ihre Daten erhoben wurden, unbedingt erforderlich ist.<\/p>\n\n\n\n<p><strong>Offenlegung gegen\u00fcber Dritten<\/strong><br>Wir k\u00f6nnen Ihre personenbezogenen Daten an Dritte weitergeben, wenn dies mit den oben genannten Zwecken vereinbar ist. Die Weitergabe an Dritte kann f\u00fcr die Erf\u00fcllung des mit Ihnen geschlossenen Vertrags erforderlich sein, zur Verfolgung eines berechtigten Interesses unsererseits oder zur Erf\u00fcllung einer uns obliegenden rechtlichen Verpflichtung notwendig sein. Wir schlie\u00dfen einen Verarbeitungsvertrag mit Unternehmen ab, die Ihre Daten in unserem Auftrag verarbeiten, um das gleiche Ma\u00df an Sicherheit und Vertraulichkeit Ihrer Daten zu gew\u00e4hrleisten. Wir bleiben f\u00fcr diese Verarbeitungen verantwortlich. Abgesehen von den vorgenannten F\u00e4llen geben wir Ihre personenbezogenen Daten nur mit Ihrer ausdr\u00fccklichen Zustimmung an andere Dritte weiter.<\/p>\n\n\n\n<p><strong>Gewerbliche Zwecke<\/strong><br>Wir k\u00f6nnen Ihre personenbezogenen Daten zu kommerziellen Zwecken verwenden, beispielsweise um Sie \u00fcber unsere Dienstleistungen oder relevante Produkte oder Dienstleistungen sorgf\u00e4ltig ausgew\u00e4hlter Organisationen zu informieren. In diesem Fall werden Sie nur \u00fcber Ihre registrierte E-Mail-Adresse in Form eines Newsletters informiert. Wenn Sie keine Informationen \u00fcber einschl\u00e4gige Produkte oder Dienstleistungen erhalten m\u00f6chten, k\u00f6nnen Sie dies einfach angeben, indem Sie in der erhaltenen E-Mail auf \"Abmelden\" klicken.<\/p>\n\n\n\n<p>Wir nutzen Ihre personenbezogenen Daten auch zur Marktforschung und zur Optimierung unserer Dienstleistungen. In diesem Zusammenhang werden Ihre personenbezogenen Daten anonymisiert und k\u00f6nnen somit nicht mehr zu Ihnen zur\u00fcckverfolgt werden.<\/p>\n\n\n\n<p>Ihre Daten werden nicht verkauft oder an Dritte zu kommerziellen Zwecken weitergegeben, es sei denn, Sie geben Ihre ausdr\u00fcckliche Zustimmung. Alle auf dieser Website verwendeten Bilder sind Eigentum von Variopool BV. Keines dieser Bilder darf ohne die ausdr\u00fcckliche Genehmigung von Variopool BV auf anderen Websites oder in Druckerzeugnissen verwendet werden.<\/p>\n\n\n\n<p><strong>Cookies<\/strong><br>Ein Cookie ist eine kleine Textdatei, die auf Ihrem Computer, Tablet oder Smartphone gespeichert wird, wenn Sie diese Website zum ersten Mal besuchen. Sie k\u00f6nnen diese Cookies ablehnen, indem Sie Ihren Internetbrowser so einstellen, dass keine Cookies mehr gespeichert werden. Au\u00dferdem k\u00f6nnen Sie alle zuvor gespeicherten Informationen \u00fcber die Einstellungen Ihres Browsers l\u00f6schen.<\/p>\n\n\n\n<p>Wir verwenden die folgenden Cookies:<\/p>\n\n\n\n<p>- Funktionale Cookies: Dies sind Cookies, die f\u00fcr das technische Funktionieren der Website und Ihre Benutzerfreundlichkeit erforderlich sind. Sie sorgen daf\u00fcr, dass die Website ordnungsgem\u00e4\u00df funktioniert und merken sich zum Beispiel Ihre Pr\u00e4ferenzen. Sie erm\u00f6glichen es uns auch, unsere Website zu optimieren. Es handelt sich um analytische Cookies, die nicht in Ihre Privatsph\u00e4re eindringen und f\u00fcr die wir nicht Ihre vorherige Zustimmung ben\u00f6tigen.<\/p>\n\n\n\n<p>- Tracking-Cookies: Wir setzen keine Cookies, die Ihr Surfverhalten verfolgen. Sie k\u00f6nnen Cookies ablehnen, indem Sie Ihren Internetbrowser so einstellen, dass keine Cookies mehr gespeichert werden. Au\u00dferdem k\u00f6nnen Sie alle zuvor gespeicherten Informationen \u00fcber Ihre Browsereinstellungen l\u00f6schen.<\/p>\n\n\n\n<p>- Google Analytics: Diese Website setzt Cookies des US-Unternehmens Google im Rahmen des Dienstes \"Analytics\" ein. Variopool BV nutzt diesen Dienst, um Berichte \u00fcber die Nutzung der Website zu erhalten und um ihre Qualit\u00e4t und Effektivit\u00e4t zu messen. Wir verwenden Google Analytics in der von der Beh\u00f6rde f\u00fcr personenbezogene Daten vorgeschriebenen Weise, um unter die Ausnahmeregelung des Cookie-Gesetzes zu fallen, weshalb wir f\u00fcr die Verwendung von Google Analytics nicht Ihre vorherige Zustimmung ben\u00f6tigen.<\/p>\n\n\n\n<p><strong>Google Analytics<\/strong><br>Auf unserer Website wird im Rahmen des \"Analytics\"-Dienstes ein Cookie von dem amerikanischen Unternehmen Google gesetzt. Wir nutzen diesen Dienst, um zu verfolgen und Berichte dar\u00fcber zu erhalten, wie Besucher die Website nutzen. Google kann diese Informationen an Dritte weitergeben, wenn Google dazu gesetzlich verpflichtet ist oder soweit Dritte die Informationen im Auftrag von Google verarbeiten. Hierauf haben wir keinen Einfluss. Wir gestatten bzw. untersagen Google, die erhaltenen Analysedaten f\u00fcr andere Google-Dienste zu verwenden.<\/p>\n\n\n\n<p>Die von Google gesammelten Informationen werden so weit wie m\u00f6glich anonymisiert. Ihre IP-Adresse wird ausdr\u00fccklich nicht erfasst. Die Informationen werden an Google \u00fcbermittelt und von Google auf Servern in den Vereinigten Staaten gespeichert. Google erkl\u00e4rt, dass es sich an die Grunds\u00e4tze des Privacy Shield h\u00e4lt und dem Privacy-Shield-Programm des US-Handelsministeriums angeschlossen ist. Dies impliziert ein angemessenes Schutzniveau f\u00fcr die Verarbeitung aller personenbezogenen Daten.<\/p>\n\n\n\n<p><strong>Anzeigen, korrigieren oder l\u00f6schen<\/strong><br>Sie haben das Recht auf Zugang, Berichtigung oder L\u00f6schung Ihrer personenbezogenen Daten. Sie haben auch das Recht, Ihre eventuelle Einwilligung zur Datenverarbeitung zu widerrufen oder der Verarbeitung Ihrer personenbezogenen Daten zu widersprechen. Sie haben das Recht auf Daten\u00fcbertragbarkeit (\"Daten\u00fcbertragbarkeit\"), wenn wir \u00fcber digitale personenbezogene Daten verf\u00fcgen, die wir entweder mit Ihrer Einwilligung oder zur Erf\u00fcllung eines mit Ihnen geschlossenen Vertrags verarbeiten.<br>Das bedeutet, dass Sie bei uns beantragen k\u00f6nnen, dass die digitalen personenbezogenen Daten, die wir \u00fcber Sie gespeichert haben, in einer lesbaren Computerdatei an Sie oder eine andere von Ihnen benannte Organisation \u00fcbermittelt werden.<\/p>\n\n\n\n<p>U kunt een verzoek tot inzage, correctie, verwijdering, gegevensoverdraging van uw persoonsgegevens of verzoek tot intrekking van uw toestemming of bezwaar op de verwerking van uw persoonsgegevens sturen naar &#105;nf&#111;&#64;vario&#112;&#111;&#111;l&#46;&#110;l<\/p>\n\n\n\n<p>Um sicherzustellen, dass der Antrag auf Einsichtnahme von Ihnen gestellt wird, bitten wir Sie, dem Antrag eine Kopie Ihres Identit\u00e4tsnachweises beizuf\u00fcgen. Schw\u00e4rzen Sie auf dieser Kopie Ihr Passfoto, die MRZ (maschinenlesbare Zone, der Zahlenstreifen am unteren Rand des Passes), die Passnummer und die B\u00fcrgerservicenummer (BSN). Dies dient dem Schutz Ihrer Privatsph\u00e4re. Wir werden Ihren Antrag so schnell wie m\u00f6glich, jedoch innerhalb von vier Wochen, beantworten.<\/p>\n\n\n\n<p>Wir m\u00f6chten Sie auch dar\u00fcber informieren, dass Sie die M\u00f6glichkeit haben, eine Beschwerde bei der nationalen Aufsichtsbeh\u00f6rde, der Beh\u00f6rde f\u00fcr personenbezogene Daten, einzureichen.<\/p>\n\n\n\n<p><strong>Sicherheit<\/strong><br>Wir ergreifen Sicherheitsma\u00dfnahmen, um den Missbrauch von und den unbefugten Zugriff auf personenbezogene Daten einzuschr\u00e4nken. Insbesondere ergreifen wir die folgenden Ma\u00dfnahmen:<br>- Verschl\u00fcsselung (Kodierung) von digitalen Dateien mit personenbezogenen Daten;<br>- Sicherung von Netzwerkverbindungen \u00fcber die Secure Socket Layer (SSL)-Technologie;<br>- Kontrolle der innerhalb unseres Unternehmens erteilten Befugnisse<\/p>\n\n\n\n<p><strong>Kontakt<\/strong><br>Wij nemen de bescherming van uw gegevens serieus en nemen passende maatregelen om misbruik, verlies, onbevoegde toegang, ongewenste openbaarmaking en ongeoorloofde wijziging tegen te gaan. Als u de indruk heeft dat uw gegevens niet goed beveiligd zijn of er aanwijzingen zijn van misbruik, neem dan contact op met onze klantenservice of via &#105;nfo&#64;va&#114;i&#111;&#112;o&#111;&#108;.n&#108;<\/p>","protected":false},"excerpt":{"rendered":"<p>Dies ist die Datenschutzerkl\u00e4rung f\u00fcr die Verarbeitung personenbezogener Daten der Variopool BV und ihrer Tochtergesellschaften mit Sitz in 1724 BG Oudkarspel, Haarspit 3 (im Folgenden: Variopool BV), www.variopool.nl. Zu den Subdomains geh\u00f6ren Variopool.co.uk, Varioplay, Variodeck, Variomedic und Holland Aqua Sight AnwendbarkeitDiese Datenschutzerkl\u00e4rung gilt f\u00fcr alle datenschutzrelevanten Informationen oder personenbezogenen Daten, die Sie an<a class=\"excerpt-read-more\" href=\"https:\/\/areah2o.nl\/de\/privacyverklaring\/\" title=\"Mehr lesenDatenschutzerkl\u00e4rung\">... Mehr lesen \u00bb<\/a><\/p>","protected":false},"author":2,"featured_media":0,"parent":0,"menu_order":0,"comment_status":"closed","ping_status":"closed","template":"","meta":{"_acf_changed":false,"footnotes":""},"class_list":["post-705","page","type-page","status-publish","hentry"],"acf":[],"yoast_head":"<!-- This site is optimized with the Yoast SEO plugin v27.3 - https:\/\/yoast.com\/product\/yoast-seo-wordpress\/ -->\n<title>Privacyverklaring - AREA H2O<\/title>\n<meta name=\"robots\" content=\"index, follow, max-snippet:-1, max-image-preview:large, max-video-preview:-1\" \/>\n<link rel=\"canonical\" href=\"https:\/\/areah2o.nl\/de\/privacyverklaring\/\" \/>\n<meta property=\"og:locale\" content=\"de_DE\" \/>\n<meta property=\"og:type\" content=\"article\" \/>\n<meta property=\"og:title\" content=\"Privacyverklaring - AREA H2O\" \/>\n<meta property=\"og:description\" content=\"Dit is het privacy statement betreft de verwerking van persoonsgegevens van&nbsp; Variopool BV en haar dochterondernemingen, gevestigd te 1724 BG Oudkarspel aan de Haarspit 3 (hierna: Variopool BV), www.variopool.nl. De subdomeinen betreffen Variopool.co.uk, Varioplay, Variodeck, Variomedic, en Holland Aqua Sight ToepasselijkheidDit privacy statement is van toepassing op alle privacygevoelige informatie of persoonsgegevens die u aan... Lees meer &raquo;\" \/>\n<meta property=\"og:url\" content=\"https:\/\/areah2o.nl\/de\/privacyverklaring\/\" \/>\n<meta property=\"og:site_name\" content=\"AREA H2O\" \/>\n<meta property=\"article:modified_time\" content=\"2025-09-16T09:06:01+00:00\" \/>\n<meta property=\"og:image\" content=\"https:\/\/areah2o.nl\/wp-content\/uploads\/2022\/07\/og-image-areh2o-1.jpg\" \/>\n\t<meta property=\"og:image:width\" content=\"1200\" \/>\n\t<meta property=\"og:image:height\" content=\"630\" \/>\n\t<meta property=\"og:image:type\" content=\"image\/jpeg\" \/>\n<meta name=\"twitter:card\" content=\"summary_large_image\" \/>\n<meta name=\"twitter:label1\" content=\"Gesch\u00e4tzte Lesezeit\" \/>\n\t<meta name=\"twitter:data1\" content=\"8\u00a0Minuten\" \/>\n<script type=\"application\/ld+json\" class=\"yoast-schema-graph\">{\"@context\":\"https:\\\/\\\/schema.org\",\"@graph\":[{\"@type\":\"WebPage\",\"@id\":\"https:\\\/\\\/areah2o.nl\\\/privacyverklaring\\\/\",\"url\":\"https:\\\/\\\/areah2o.nl\\\/privacyverklaring\\\/\",\"name\":\"Privacyverklaring - AREA H2O\",\"isPartOf\":{\"@id\":\"https:\\\/\\\/areah2o.nl\\\/#website\"},\"datePublished\":\"2025-09-16T09:06:00+00:00\",\"dateModified\":\"2025-09-16T09:06:01+00:00\",\"breadcrumb\":{\"@id\":\"https:\\\/\\\/areah2o.nl\\\/privacyverklaring\\\/#breadcrumb\"},\"inLanguage\":\"de\",\"potentialAction\":[{\"@type\":\"ReadAction\",\"target\":[\"https:\\\/\\\/areah2o.nl\\\/privacyverklaring\\\/\"]}]},{\"@type\":\"BreadcrumbList\",\"@id\":\"https:\\\/\\\/areah2o.nl\\\/privacyverklaring\\\/#breadcrumb\",\"itemListElement\":[{\"@type\":\"ListItem\",\"position\":1,\"name\":\"Home\",\"item\":\"https:\\\/\\\/areah2o.nl\\\/\"},{\"@type\":\"ListItem\",\"position\":2,\"name\":\"Privacyverklaring\"}]},{\"@type\":\"WebSite\",\"@id\":\"https:\\\/\\\/areah2o.nl\\\/#website\",\"url\":\"https:\\\/\\\/areah2o.nl\\\/\",\"name\":\"AREA H2O\",\"description\":\"The next level in water entertainment\",\"publisher\":{\"@id\":\"https:\\\/\\\/areah2o.nl\\\/#organization\"},\"potentialAction\":[{\"@type\":\"SearchAction\",\"target\":{\"@type\":\"EntryPoint\",\"urlTemplate\":\"https:\\\/\\\/areah2o.nl\\\/?s={search_term_string}\"},\"query-input\":{\"@type\":\"PropertyValueSpecification\",\"valueRequired\":true,\"valueName\":\"search_term_string\"}}],\"inLanguage\":\"de\"},{\"@type\":\"Organization\",\"@id\":\"https:\\\/\\\/areah2o.nl\\\/#organization\",\"name\":\"Varioplay\",\"url\":\"https:\\\/\\\/areah2o.nl\\\/\",\"logo\":{\"@type\":\"ImageObject\",\"inLanguage\":\"de\",\"@id\":\"https:\\\/\\\/areah2o.nl\\\/#\\\/schema\\\/logo\\\/image\\\/\",\"url\":\"https:\\\/\\\/areah2o.nl\\\/wp-content\\\/uploads\\\/2022\\\/07\\\/Varioplay.png\",\"contentUrl\":\"https:\\\/\\\/areah2o.nl\\\/wp-content\\\/uploads\\\/2022\\\/07\\\/Varioplay.png\",\"width\":1260,\"height\":298,\"caption\":\"Varioplay\"},\"image\":{\"@id\":\"https:\\\/\\\/areah2o.nl\\\/#\\\/schema\\\/logo\\\/image\\\/\"}}]}<\/script>\n<!-- \/ Yoast SEO plugin. -->","yoast_head_json":{"title":"Datenschutzerkl\u00e4rung - AREA H2O","robots":{"index":"index","follow":"follow","max-snippet":"max-snippet:-1","max-image-preview":"max-image-preview:large","max-video-preview":"max-video-preview:-1"},"canonical":"https:\/\/areah2o.nl\/de\/privacyverklaring\/","og_locale":"de_DE","og_type":"article","og_title":"Privacyverklaring - AREA H2O","og_description":"Dit is het privacy statement betreft de verwerking van persoonsgegevens van&nbsp; Variopool BV en haar dochterondernemingen, gevestigd te 1724 BG Oudkarspel aan de Haarspit 3 (hierna: Variopool BV), www.variopool.nl. De subdomeinen betreffen Variopool.co.uk, Varioplay, Variodeck, Variomedic, en Holland Aqua Sight ToepasselijkheidDit privacy statement is van toepassing op alle privacygevoelige informatie of persoonsgegevens die u aan... Lees meer &raquo;","og_url":"https:\/\/areah2o.nl\/de\/privacyverklaring\/","og_site_name":"AREA H2O","article_modified_time":"2025-09-16T09:06:01+00:00","og_image":[{"width":1200,"height":630,"url":"https:\/\/areah2o.nl\/wp-content\/uploads\/2022\/07\/og-image-areh2o-1.jpg","type":"image\/jpeg"}],"twitter_card":"summary_large_image","twitter_misc":{"Gesch\u00e4tzte Lesezeit":"8\u00a0Minuten"},"schema":{"@context":"https:\/\/schema.org","@graph":[{"@type":"WebPage","@id":"https:\/\/areah2o.nl\/privacyverklaring\/","url":"https:\/\/areah2o.nl\/privacyverklaring\/","name":"Datenschutzerkl\u00e4rung - AREA H2O","isPartOf":{"@id":"https:\/\/areah2o.nl\/#website"},"datePublished":"2025-09-16T09:06:00+00:00","dateModified":"2025-09-16T09:06:01+00:00","breadcrumb":{"@id":"https:\/\/areah2o.nl\/privacyverklaring\/#breadcrumb"},"inLanguage":"de","potentialAction":[{"@type":"ReadAction","target":["https:\/\/areah2o.nl\/privacyverklaring\/"]}]},{"@type":"BreadcrumbList","@id":"https:\/\/areah2o.nl\/privacyverklaring\/#breadcrumb","itemListElement":[{"@type":"ListItem","position":1,"name":"Home","item":"https:\/\/areah2o.nl\/"},{"@type":"ListItem","position":2,"name":"Privacyverklaring"}]},{"@type":"WebSite","@id":"https:\/\/areah2o.nl\/#website","url":"https:\/\/areah2o.nl\/","name":"BEREICH H2O","description":"Die n\u00e4chste Stufe der Wasserunterhaltung","publisher":{"@id":"https:\/\/areah2o.nl\/#organization"},"potentialAction":[{"@type":"SearchAction","target":{"@type":"EntryPoint","urlTemplate":"https:\/\/areah2o.nl\/?s={search_term_string}"},"query-input":{"@type":"PropertyValueSpecification","valueRequired":true,"valueName":"search_term_string"}}],"inLanguage":"de"},{"@type":"Organization","@id":"https:\/\/areah2o.nl\/#organization","name":"Varioplay","url":"https:\/\/areah2o.nl\/","logo":{"@type":"ImageObject","inLanguage":"de","@id":"https:\/\/areah2o.nl\/#\/schema\/logo\/image\/","url":"https:\/\/areah2o.nl\/wp-content\/uploads\/2022\/07\/Varioplay.png","contentUrl":"https:\/\/areah2o.nl\/wp-content\/uploads\/2022\/07\/Varioplay.png","width":1260,"height":298,"caption":"Varioplay"},"image":{"@id":"https:\/\/areah2o.nl\/#\/schema\/logo\/image\/"}}]}},"_links":{"self":[{"href":"https:\/\/areah2o.nl\/de\/wp-json\/wp\/v2\/pages\/705","targetHints":{"allow":["GET"]}}],"collection":[{"href":"https:\/\/areah2o.nl\/de\/wp-json\/wp\/v2\/pages"}],"about":[{"href":"https:\/\/areah2o.nl\/de\/wp-json\/wp\/v2\/types\/page"}],"author":[{"embeddable":true,"href":"https:\/\/areah2o.nl\/de\/wp-json\/wp\/v2\/users\/2"}],"replies":[{"embeddable":true,"href":"https:\/\/areah2o.nl\/de\/wp-json\/wp\/v2\/comments?post=705"}],"version-history":[{"count":1,"href":"https:\/\/areah2o.nl\/de\/wp-json\/wp\/v2\/pages\/705\/revisions"}],"predecessor-version":[{"id":706,"href":"https:\/\/areah2o.nl\/de\/wp-json\/wp\/v2\/pages\/705\/revisions\/706"}],"wp:attachment":[{"href":"https:\/\/areah2o.nl\/de\/wp-json\/wp\/v2\/media?parent=705"}],"curies":[{"name":"wp","href":"https:\/\/api.w.org\/{rel}","templated":true}]}}