{"id":223,"date":"2025-06-20T14:21:31","date_gmt":"2025-06-20T12:21:31","guid":{"rendered":"http:\/\/areah2onl.test\/?page_id=223"},"modified":"2025-08-06T15:05:46","modified_gmt":"2025-08-06T13:05:46","slug":"over-ons","status":"publish","type":"page","link":"https:\/\/areah2o.nl\/de\/over-ons\/","title":{"rendered":"\u00dcber uns"},"content":{"rendered":"<section class=\"image-text wp-block alignfull image-text--image-left\" id=\"text-image-block_1a2cdd72f88cae3dda50e501f20cf868\">\n\t<div class=\"row align-middle\">\n\t\t\t\t\t<div class=\"column small-12 large-6 image-text__text-col\">\n\t\t\t\t<div class=\"px-l\">\n\t\t\t\t\t\t\t\t\t\t\t<h2 class=\"image-text__title\">F\u00fcr wen<\/h2>\n\t\t\t\t\t\t\t\t\t\t\t\t\t\t\t\t<div class=\"image-text__text fs-large\">\n\t\t\t\t\t\t\t<p><span style=\"font-weight: 400;\">Area H2O ist f\u00fcr Schwimmb\u00e4der konzipiert, die mehr als nur Schwimmrunden anbieten wollen. St\u00e4dtische Schwimmb\u00e4der, Sportzentren und Freizeitparks nutzen unsere Systeme bereits, um ihr Angebot zu erneuern und die Besucher zu \u00fcberraschen.<\/span><\/p>\n<p><b>Eine Initiative von Varioplay<\/b><span style=\"font-weight: 400;\"><br \/>\n<\/span><span style=\"font-weight: 400;\">Area H2O ist eine Initiative von <\/span><a href=\"https:\/\/varioplay.nl\/\"><b>Varioplay<\/b><\/a><span style=\"font-weight: 400;\">, Komplettanbieter im Bereich der kompletten Schwimmbadausstattung. Aus unserer Expertise in der Schwimmbadtechnik und -einrichtung haben wir Area H2O als innovatives Konzept f\u00fcr interaktive Wassererlebnisse entwickelt.<\/span><\/p>\n\t\t\t\t\t\t<\/div>\n\t\t\t\t\t\t\t\t\t\t\t\t\t\t<\/div>\n\t\t\t<\/div>\n\t\t\t\t\t\t\t<div class=\"column small-12 large-6 image-text__image-col\">\n\t\t\t\t\t\t\t\t\t<img class=\"image-text__image lazyload aspect-ratio-12-8\" data-src=\"https:\/\/areah2o.nl\/wp-content\/uploads\/2025\/07\/DSC02676-600x400.jpg\" title=\"DSC02676\" alt=\"\" \/>\n\t\t\t\t\t\t\t<\/div>\n\t\t\t<\/div>\n<\/section>\n\n\n\t<section class=\"item-list wp-block alignfull\" id=\"item-list-block_9e85a6da6e988b42a343805aed7f817f\">\n\t\t<div class=\"row\">\n\t\t\t<div class=\"column small-12 large-12\">\n\t\t\t\t<div class=\"mb-m\">\n\t\t\t\t\t<h2 class=\"item-list__title\">Anwendungen in der Praxis<\/h2>\t\t\t\t\t\t\t\t\t<\/div>\n\t\t\t<\/div>\n\t\t<\/div>\n\t\t<div class=\"row small-up-1 medium-up-2 large-up-3 flex-grow\">\n\t\t\t\t\t\t\t<div class=\"column\">\n\t\t\t\t\t<a href=\"https:\/\/areah2o.nl\/de\/projecten\/twitchen-house-holiday-park\/\" class=\"card grow card--white\">\n\t\t\t\t\t\t\t\t\t\t\t\t\t<div class=\"card__label\">\n\t\t\t\t\t\t\t\tBereich H2O Lite\t\t\t\t\t\t\t<\/div>\n\t\t\t\t\t\t\t\t\t\t\t\t<img decoding=\"async\" class=\"card__image lazyload aspect-ratio-6-4\" loading=\"lazy\" src=\"https:\/\/areah2o.nl\/wp-content\/uploads\/2025\/08\/Afbeelding-van-WhatsApp-op-2025-05-12-om-12.56.15_30c5d5e7-600x400.jpg\" alt=\"\" \/>\n\t\t\t\t\t\t<div class=\"card__content grow\">\n\t\t\t\t\t\t\t<h3 class=\"h4 card__title\">Ferienpark Twitchen House<\/h3>\n\t\t\t\t\t\t\t<div class=\"card__text text-grow\">\n\t\t\t\t\t\t\t\t<p>\nIn der britischen K\u00fcstenstadt Woolacombe hat das Freibad des Twitchen House Holiday Park ein innovatives Upgrade erhalten. Der bewegliche 15 x 8 Meter gro\u00dfe Beckenboden ist mit einem Edelstahlboden ausgestattet...<\/p>\n\t\t\t\t\t\t\t<\/div>\n\t\t\t\t\t\t\t<button class=\"button card__button\">Mehr lesen<\/button>\n\t\t\t\t\t\t<\/div>\n\t\t\t\t\t<\/a>\n\t\t\t\t<\/div>\n\t\t\t\t\t\t\t<div class=\"column\">\n\t\t\t\t\t<a href=\"https:\/\/areah2o.nl\/de\/projecten\/de-beemd-lochem\/\" class=\"card grow card--white\">\n\t\t\t\t\t\t\t\t\t\t\t\t\t<div class=\"card__label\">\n\t\t\t\t\t\t\t\tBereich H2O Lite\t\t\t\t\t\t\t<\/div>\n\t\t\t\t\t\t\t\t\t\t\t\t<img decoding=\"async\" class=\"card__image lazyload aspect-ratio-6-4\" loading=\"lazy\" src=\"https:\/\/areah2o.nl\/wp-content\/uploads\/2025\/08\/AreaH2O-Lite-Lochem-6-600x400.jpg\" alt=\"\" \/>\n\t\t\t\t\t\t<div class=\"card__content grow\">\n\t\t\t\t\t\t\t<h3 class=\"h4 card__title\">De Beemd Lochem<\/h3>\n\t\t\t\t\t\t\t<div class=\"card__text text-grow\">\n\t\t\t\t\t\t\t\t<p>\nIm Schwimm- und Sportzentrum De Beemd in Lochem dreht sich alles um das Erlebnis f\u00fcr Jung und Alt. Als es an der Zeit war, den beweglichen Boden zu ersetzen, entschied man sich f\u00fcr einen neuen Boden mit Area H2O Lite: 12...<\/p>\n\t\t\t\t\t\t\t<\/div>\n\t\t\t\t\t\t\t<button class=\"button card__button\">Mehr lesen<\/button>\n\t\t\t\t\t\t<\/div>\n\t\t\t\t\t<\/a>\n\t\t\t\t<\/div>\n\t\t\t\t\t\t\t<div class=\"column\">\n\t\t\t\t\t<a href=\"https:\/\/areah2o.nl\/de\/projecten\/sport-centrum-feyenoord\/\" class=\"card grow card--white\">\n\t\t\t\t\t\t\t\t\t\t\t\t\t<div class=\"card__label\">\n\t\t\t\t\t\t\t\tBereich H2O Lite, Bereich H2O Spray Park\t\t\t\t\t\t\t<\/div>\n\t\t\t\t\t\t\t\t\t\t\t\t<img decoding=\"async\" class=\"card__image lazyload aspect-ratio-6-4\" loading=\"lazy\" src=\"https:\/\/areah2o.nl\/wp-content\/uploads\/2025\/08\/Spraypark-op-bodem-5-600x400.jpg\" alt=\"\" \/>\n\t\t\t\t\t\t<div class=\"card__content grow\">\n\t\t\t\t\t\t\t<h3 class=\"h4 card__title\">Sportzentrum Feyenoord<\/h3>\n\t\t\t\t\t\t\t<div class=\"card__text text-grow\">\n\t\t\t\t\t\t\t\t<p>\nMit dem Area H2O Spraypark wurde im neuen Sportzentrum Feijenoord eine einzigartige Innovation eingef\u00fchrt: herausnehmbare, schraubbare Spr\u00fchelemente, die in den beweglichen Beckenboden des...<\/p>\n\t\t\t\t\t\t\t<\/div>\n\t\t\t\t\t\t\t<button class=\"button card__button\">Mehr lesen<\/button>\n\t\t\t\t\t\t<\/div>\n\t\t\t\t\t<\/a>\n\t\t\t\t<\/div>\n\t\t\t\t\t<\/div>\n\t<\/section>","protected":false},"excerpt":{"rendered":"","protected":false},"author":2,"featured_media":0,"parent":0,"menu_order":0,"comment_status":"closed","ping_status":"closed","template":"","meta":{"_acf_changed":false,"footnotes":""},"class_list":["post-223","page","type-page","status-publish","hentry"],"acf":[],"yoast_head":"<!-- This site is optimized with the Yoast SEO plugin v27.3 - https:\/\/yoast.com\/product\/yoast-seo-wordpress\/ -->\n<title>Over ons - AREA H2O<\/title>\n<meta name=\"robots\" content=\"index, follow, max-snippet:-1, max-image-preview:large, max-video-preview:-1\" \/>\n<link rel=\"canonical\" href=\"https:\/\/areah2o.nl\/de\/over-ons\/\" \/>\n<meta property=\"og:locale\" content=\"de_DE\" \/>\n<meta property=\"og:type\" content=\"article\" \/>\n<meta property=\"og:title\" content=\"Over ons - AREA H2O\" \/>\n<meta property=\"og:url\" content=\"https:\/\/areah2o.nl\/de\/over-ons\/\" \/>\n<meta property=\"og:site_name\" content=\"AREA H2O\" \/>\n<meta property=\"article:modified_time\" content=\"2025-08-06T13:05:46+00:00\" \/>\n<meta property=\"og:image\" content=\"https:\/\/areah2o.nl\/wp-content\/uploads\/2022\/07\/og-image-areh2o-1.jpg\" \/>\n\t<meta property=\"og:image:width\" content=\"1200\" \/>\n\t<meta property=\"og:image:height\" content=\"630\" \/>\n\t<meta property=\"og:image:type\" content=\"image\/jpeg\" \/>\n<meta name=\"twitter:card\" content=\"summary_large_image\" \/>\n<script type=\"application\/ld+json\" class=\"yoast-schema-graph\">{\"@context\":\"https:\\\/\\\/schema.org\",\"@graph\":[{\"@type\":\"WebPage\",\"@id\":\"https:\\\/\\\/areah2o.nl\\\/over-ons\\\/\",\"url\":\"https:\\\/\\\/areah2o.nl\\\/over-ons\\\/\",\"name\":\"Over ons - AREA H2O\",\"isPartOf\":{\"@id\":\"https:\\\/\\\/areah2o.nl\\\/#website\"},\"datePublished\":\"2025-06-20T12:21:31+00:00\",\"dateModified\":\"2025-08-06T13:05:46+00:00\",\"breadcrumb\":{\"@id\":\"https:\\\/\\\/areah2o.nl\\\/over-ons\\\/#breadcrumb\"},\"inLanguage\":\"de\",\"potentialAction\":[{\"@type\":\"ReadAction\",\"target\":[\"https:\\\/\\\/areah2o.nl\\\/over-ons\\\/\"]}]},{\"@type\":\"BreadcrumbList\",\"@id\":\"https:\\\/\\\/areah2o.nl\\\/over-ons\\\/#breadcrumb\",\"itemListElement\":[{\"@type\":\"ListItem\",\"position\":1,\"name\":\"Home\",\"item\":\"https:\\\/\\\/areah2o.nl\\\/\"},{\"@type\":\"ListItem\",\"position\":2,\"name\":\"Over ons\"}]},{\"@type\":\"WebSite\",\"@id\":\"https:\\\/\\\/areah2o.nl\\\/#website\",\"url\":\"https:\\\/\\\/areah2o.nl\\\/\",\"name\":\"AREA H2O\",\"description\":\"The next level in water entertainment\",\"publisher\":{\"@id\":\"https:\\\/\\\/areah2o.nl\\\/#organization\"},\"potentialAction\":[{\"@type\":\"SearchAction\",\"target\":{\"@type\":\"EntryPoint\",\"urlTemplate\":\"https:\\\/\\\/areah2o.nl\\\/?s={search_term_string}\"},\"query-input\":{\"@type\":\"PropertyValueSpecification\",\"valueRequired\":true,\"valueName\":\"search_term_string\"}}],\"inLanguage\":\"de\"},{\"@type\":\"Organization\",\"@id\":\"https:\\\/\\\/areah2o.nl\\\/#organization\",\"name\":\"Varioplay\",\"url\":\"https:\\\/\\\/areah2o.nl\\\/\",\"logo\":{\"@type\":\"ImageObject\",\"inLanguage\":\"de\",\"@id\":\"https:\\\/\\\/areah2o.nl\\\/#\\\/schema\\\/logo\\\/image\\\/\",\"url\":\"https:\\\/\\\/areah2o.nl\\\/wp-content\\\/uploads\\\/2022\\\/07\\\/Varioplay.png\",\"contentUrl\":\"https:\\\/\\\/areah2o.nl\\\/wp-content\\\/uploads\\\/2022\\\/07\\\/Varioplay.png\",\"width\":1260,\"height\":298,\"caption\":\"Varioplay\"},\"image\":{\"@id\":\"https:\\\/\\\/areah2o.nl\\\/#\\\/schema\\\/logo\\\/image\\\/\"}}]}<\/script>\n<!-- \/ Yoast SEO plugin. -->","yoast_head_json":{"title":"\u00dcber uns - AREA H2O","robots":{"index":"index","follow":"follow","max-snippet":"max-snippet:-1","max-image-preview":"max-image-preview:large","max-video-preview":"max-video-preview:-1"},"canonical":"https:\/\/areah2o.nl\/de\/over-ons\/","og_locale":"de_DE","og_type":"article","og_title":"Over ons - AREA H2O","og_url":"https:\/\/areah2o.nl\/de\/over-ons\/","og_site_name":"AREA H2O","article_modified_time":"2025-08-06T13:05:46+00:00","og_image":[{"width":1200,"height":630,"url":"https:\/\/areah2o.nl\/wp-content\/uploads\/2022\/07\/og-image-areh2o-1.jpg","type":"image\/jpeg"}],"twitter_card":"summary_large_image","schema":{"@context":"https:\/\/schema.org","@graph":[{"@type":"WebPage","@id":"https:\/\/areah2o.nl\/over-ons\/","url":"https:\/\/areah2o.nl\/over-ons\/","name":"\u00dcber uns - AREA H2O","isPartOf":{"@id":"https:\/\/areah2o.nl\/#website"},"datePublished":"2025-06-20T12:21:31+00:00","dateModified":"2025-08-06T13:05:46+00:00","breadcrumb":{"@id":"https:\/\/areah2o.nl\/over-ons\/#breadcrumb"},"inLanguage":"de","potentialAction":[{"@type":"ReadAction","target":["https:\/\/areah2o.nl\/over-ons\/"]}]},{"@type":"BreadcrumbList","@id":"https:\/\/areah2o.nl\/over-ons\/#breadcrumb","itemListElement":[{"@type":"ListItem","position":1,"name":"Home","item":"https:\/\/areah2o.nl\/"},{"@type":"ListItem","position":2,"name":"Over ons"}]},{"@type":"WebSite","@id":"https:\/\/areah2o.nl\/#website","url":"https:\/\/areah2o.nl\/","name":"BEREICH H2O","description":"Die n\u00e4chste Stufe der Wasserunterhaltung","publisher":{"@id":"https:\/\/areah2o.nl\/#organization"},"potentialAction":[{"@type":"SearchAction","target":{"@type":"EntryPoint","urlTemplate":"https:\/\/areah2o.nl\/?s={search_term_string}"},"query-input":{"@type":"PropertyValueSpecification","valueRequired":true,"valueName":"search_term_string"}}],"inLanguage":"de"},{"@type":"Organization","@id":"https:\/\/areah2o.nl\/#organization","name":"Varioplay","url":"https:\/\/areah2o.nl\/","logo":{"@type":"ImageObject","inLanguage":"de","@id":"https:\/\/areah2o.nl\/#\/schema\/logo\/image\/","url":"https:\/\/areah2o.nl\/wp-content\/uploads\/2022\/07\/Varioplay.png","contentUrl":"https:\/\/areah2o.nl\/wp-content\/uploads\/2022\/07\/Varioplay.png","width":1260,"height":298,"caption":"Varioplay"},"image":{"@id":"https:\/\/areah2o.nl\/#\/schema\/logo\/image\/"}}]}},"_links":{"self":[{"href":"https:\/\/areah2o.nl\/de\/wp-json\/wp\/v2\/pages\/223","targetHints":{"allow":["GET"]}}],"collection":[{"href":"https:\/\/areah2o.nl\/de\/wp-json\/wp\/v2\/pages"}],"about":[{"href":"https:\/\/areah2o.nl\/de\/wp-json\/wp\/v2\/types\/page"}],"author":[{"embeddable":true,"href":"https:\/\/areah2o.nl\/de\/wp-json\/wp\/v2\/users\/2"}],"replies":[{"embeddable":true,"href":"https:\/\/areah2o.nl\/de\/wp-json\/wp\/v2\/comments?post=223"}],"version-history":[{"count":8,"href":"https:\/\/areah2o.nl\/de\/wp-json\/wp\/v2\/pages\/223\/revisions"}],"predecessor-version":[{"id":559,"href":"https:\/\/areah2o.nl\/de\/wp-json\/wp\/v2\/pages\/223\/revisions\/559"}],"wp:attachment":[{"href":"https:\/\/areah2o.nl\/de\/wp-json\/wp\/v2\/media?parent=223"}],"curies":[{"name":"wp","href":"https:\/\/api.w.org\/{rel}","templated":true}]}}